{"id":1110,"date":"2024-09-30T11:38:34","date_gmt":"2024-09-30T14:38:34","guid":{"rendered":"https:\/\/w4cloudswebnew.azurewebsites.net\/?page_id=1110"},"modified":"2025-10-29T09:30:33","modified_gmt":"2025-10-29T13:30:33","slug":"planos","status":"publish","type":"page","link":"https:\/\/w4clouds.com.br\/en\/planos\/","title":{"rendered":"Planos"},"content":{"rendered":"<div data-elementor-type=\"wp-page\" data-elementor-id=\"1110\" class=\"elementor elementor-1110\" data-elementor-post-type=\"page\">\n\t\t\t\t<div class=\"elementor-element elementor-element-e2ad3d6 e-flex e-con-boxed e-con e-parent\" data-id=\"e2ad3d6\" data-element_type=\"container\">\n\t\t\t\t\t<div class=\"e-con-inner\">\n\t\t\t\t<div class=\"elementor-element elementor-element-cf462c8 elementor-widget__width-initial elementor-widget elementor-widget-heading\" data-id=\"cf462c8\" data-element_type=\"widget\" data-widget_type=\"heading.default\">\n\t\t\t\t<div class=\"elementor-widget-container\">\n\t\t\t\t\t<h1 class=\"elementor-heading-title elementor-size-default\">Conhe\u00e7a nossos planos para consultoria especializada<\/h1>\t\t\t\t<\/div>\n\t\t\t\t<\/div>\n\t\t\t\t<div class=\"elementor-element elementor-element-964f225 elementor-widget elementor-widget-heading\" data-id=\"964f225\" data-element_type=\"widget\" data-widget_type=\"heading.default\">\n\t\t\t\t<div class=\"elementor-widget-container\">\n\t\t\t\t\t<p class=\"elementor-heading-title elementor-size-default\">Escolha o melhor plano para a sua empresa<\/p>\t\t\t\t<\/div>\n\t\t\t\t<\/div>\n\t\t\t\t\t<\/div>\n\t\t\t\t<\/div>\n\t\t<div class=\"elementor-element elementor-element-aedc94c e-flex e-con-boxed e-con e-parent\" data-id=\"aedc94c\" data-element_type=\"container\">\n\t\t\t\t\t<div class=\"e-con-inner\">\n\t\t<div class=\"elementor-element elementor-element-7517488 e-grid e-con-full e-con e-child\" data-id=\"7517488\" data-element_type=\"container\">\n\t\t<div class=\"elementor-element elementor-element-9585330 e-con-full e-flex e-con e-child\" data-id=\"9585330\" data-element_type=\"container\">\n\t\t\t\t<div class=\"elementor-element elementor-element-4e91b00 elementor-view-default elementor-widget elementor-widget-icon\" data-id=\"4e91b00\" data-element_type=\"widget\" data-widget_type=\"icon.default\">\n\t\t\t\t<div class=\"elementor-widget-container\">\n\t\t\t\t\t\t\t<div class=\"elementor-icon-wrapper\">\n\t\t\t<div class=\"elementor-icon\">\n\t\t\t<svg xmlns=\"http:\/\/www.w3.org\/2000\/svg\" width=\"26\" height=\"22\" viewbox=\"0 0 26 22\" fill=\"none\"><path d=\"M10.3333 10.5173L7.66667 7.52613L8.46667 6.16652M5 1H21L25 7.79805L13.6667 20.7143C13.5798 20.8048 13.476 20.8766 13.3616 20.9257C13.2471 20.9747 13.1242 21 13 21C12.8758 21 12.7529 20.9747 12.6384 20.9257C12.524 20.8766 12.4202 20.8048 12.3333 20.7143L1 7.79805L5 1Z\" stroke=\"#BC423E\" stroke-width=\"2\" stroke-linecap=\"round\" stroke-linejoin=\"round\"><\/path><\/svg>\t\t\t<\/div>\n\t\t<\/div>\n\t\t\t\t\t\t<\/div>\n\t\t\t\t<\/div>\n\t\t\t\t<div class=\"elementor-element elementor-element-cee3812 elementor-widget elementor-widget-heading\" data-id=\"cee3812\" data-element_type=\"widget\" data-widget_type=\"heading.default\">\n\t\t\t\t<div class=\"elementor-widget-container\">\n\t\t\t\t\t<h2 class=\"elementor-heading-title elementor-size-default\">Conhe\u00e7a nossos planos<\/h2>\t\t\t\t<\/div>\n\t\t\t\t<\/div>\n\t\t\t\t<div class=\"elementor-element elementor-element-c05934b elementor-widget elementor-widget-heading\" data-id=\"c05934b\" data-element_type=\"widget\" data-widget_type=\"heading.default\">\n\t\t\t\t<div class=\"elementor-widget-container\">\n\t\t\t\t\t<h3 class=\"elementor-heading-title elementor-size-default\">Cloud Enterprise<\/h3>\t\t\t\t<\/div>\n\t\t\t\t<\/div>\n\t\t\t\t<div class=\"elementor-element elementor-element-9f35688 elementor-widget elementor-widget-text-editor\" data-id=\"9f35688\" data-element_type=\"widget\" data-widget_type=\"text-editor.default\">\n\t\t\t\t<div class=\"elementor-widget-container\">\n\t\t\t\t\t\t\t\t\t<p>Os servi\u00e7os de consultoria <b>Enterprise <\/b>para empresas de m\u00e9dio e grande porte oferecem uma abordagem estrat\u00e9gica e personalizada para alcan\u00e7ar governan\u00e7a completa de Nuvem, combinando servi\u00e7os gerenciados, monitora\u00e7\u00e3o avan\u00e7ada de seguran\u00e7a e pr\u00e1ticas eficientes de FinOps. Essa consultoria ajuda organiza\u00e7\u00f5es a otimizar seus ambientes tecnol\u00f3gicos, garantir conformidade regulat\u00f3ria, mitigar riscos cibern\u00e9ticos e controlar gastos com nuvem e infraestrutura, promovendo transpar\u00eancia financeira e decis\u00f5es baseadas em dados. Com foco em escalabilidade, automa\u00e7\u00e3o e intelig\u00eancia operacional, esses servi\u00e7os capacitam empresas a manterem a performance, seguran\u00e7a e sustentabilidade dos seus investimentos digitais.<\/p>\t\t\t\t\t\t\t\t<\/div>\n\t\t\t\t<\/div>\n\t\t\t\t<\/div>\n\t\t<div class=\"elementor-element elementor-element-64f5f5c e-con-full e-flex e-con e-child\" data-id=\"64f5f5c\" data-element_type=\"container\">\n\t\t\t\t<div class=\"elementor-element elementor-element-6c4f920 elementor-view-default elementor-widget elementor-widget-icon\" data-id=\"6c4f920\" data-element_type=\"widget\" data-widget_type=\"icon.default\">\n\t\t\t\t<div class=\"elementor-widget-container\">\n\t\t\t\t\t\t\t<div class=\"elementor-icon-wrapper\">\n\t\t\t<div class=\"elementor-icon\">\n\t\t\t<svg xmlns=\"http:\/\/www.w3.org\/2000\/svg\" width=\"26\" height=\"22\" viewbox=\"0 0 26 22\" fill=\"none\"><path d=\"M10.3333 10.5173L7.66667 7.52613L8.46667 6.16652M5 1H21L25 7.79805L13.6667 20.7143C13.5798 20.8048 13.476 20.8766 13.3616 20.9257C13.2471 20.9747 13.1242 21 13 21C12.8758 21 12.7529 20.9747 12.6384 20.9257C12.524 20.8766 12.4202 20.8048 12.3333 20.7143L1 7.79805L5 1Z\" stroke=\"#BC423E\" stroke-width=\"2\" stroke-linecap=\"round\" stroke-linejoin=\"round\"><\/path><\/svg>\t\t\t<\/div>\n\t\t<\/div>\n\t\t\t\t\t\t<\/div>\n\t\t\t\t<\/div>\n\t\t\t\t<div class=\"elementor-element elementor-element-fc6615e elementor-widget elementor-widget-heading\" data-id=\"fc6615e\" data-element_type=\"widget\" data-widget_type=\"heading.default\">\n\t\t\t\t<div class=\"elementor-widget-container\">\n\t\t\t\t\t<h2 class=\"elementor-heading-title elementor-size-default\">Pequenas e m\u00e9dias empresas<\/h2>\t\t\t\t<\/div>\n\t\t\t\t<\/div>\n\t\t\t\t<div class=\"elementor-element elementor-element-099fa73 elementor-widget elementor-widget-heading\" data-id=\"099fa73\" data-element_type=\"widget\" data-widget_type=\"heading.default\">\n\t\t\t\t<div class=\"elementor-widget-container\">\n\t\t\t\t\t<h3 class=\"elementor-heading-title elementor-size-default\">Cloud Premium<\/h3>\t\t\t\t<\/div>\n\t\t\t\t<\/div>\n\t\t\t\t<div class=\"elementor-element elementor-element-50472b4 elementor-widget elementor-widget-text-editor\" data-id=\"50472b4\" data-element_type=\"widget\" data-widget_type=\"text-editor.default\">\n\t\t\t\t<div class=\"elementor-widget-container\">\n\t\t\t\t\t\t\t\t\t<p>Ideal para Empresas (At\u00e9 150 Usu\u00e1rios) que possuam ambiente Microsoft 365 e\/ou Azure e necessitam de <strong>Monitora\u00e7\u00e3o<\/strong> e <strong>suporte<\/strong> a Miss\u00e3o cr\u00edtica com tickets ilimitados e horas para projetos de evolu\u00e7\u00e3o.<\/p>\t\t\t\t\t\t\t\t<\/div>\n\t\t\t\t<\/div>\n\t\t\t\t<div class=\"elementor-element elementor-element-2018b10 elementor-widget elementor-widget-heading\" data-id=\"2018b10\" data-element_type=\"widget\" data-widget_type=\"heading.default\">\n\t\t\t\t<div class=\"elementor-widget-container\">\n\t\t\t\t\t<h3 class=\"elementor-heading-title elementor-size-default\">Cloud Standart<\/h3>\t\t\t\t<\/div>\n\t\t\t\t<\/div>\n\t\t\t\t<div class=\"elementor-element elementor-element-0e6204c elementor-widget elementor-widget-text-editor\" data-id=\"0e6204c\" data-element_type=\"widget\" data-widget_type=\"text-editor.default\">\n\t\t\t\t<div class=\"elementor-widget-container\">\n\t\t\t\t\t\t\t\t\t<p>Ideal para Empresas (At\u00e9 50 Usu\u00e1rios) que possuam ambiente Microsoft 365 e\/ou Azure e entendem que sua jornada ainda est\u00e1 no in\u00edcio, mas que demandam <strong>suporte sem limita\u00e7\u00f5es.<\/strong><\/p>\t\t\t\t\t\t\t\t<\/div>\n\t\t\t\t<\/div>\n\t\t\t\t<div class=\"elementor-element elementor-element-9ce6626 elementor-widget elementor-widget-heading\" data-id=\"9ce6626\" data-element_type=\"widget\" data-widget_type=\"heading.default\">\n\t\t\t\t<div class=\"elementor-widget-container\">\n\t\t\t\t\t<h3 class=\"elementor-heading-title elementor-size-default\">Cloud Basic<\/h3>\t\t\t\t<\/div>\n\t\t\t\t<\/div>\n\t\t\t\t<div class=\"elementor-element elementor-element-0bd0aa5 elementor-widget elementor-widget-text-editor\" data-id=\"0bd0aa5\" data-element_type=\"widget\" data-widget_type=\"text-editor.default\">\n\t\t\t\t<div class=\"elementor-widget-container\">\n\t\t\t\t\t\t\t\t\t<p>Ideal para Empresas (At\u00e9 15 Usu\u00e1rios) que possuam ambiente Microsoft 365 e\/ou Azure e que est\u00e3o em fase inicial de sua jornada de transforma\u00e7\u00e3o digital e precisam contar com um <strong>apoio emergencial<\/strong> (2 tickets por m\u00eas).<\/p>\t\t\t\t\t\t\t\t<\/div>\n\t\t\t\t<\/div>\n\t\t\t\t<\/div>\n\t\t\t\t<\/div>\n\t\t\t\t\t<\/div>\n\t\t\t\t<\/div>\n\t\t<div class=\"elementor-element elementor-element-3e6980ae e-flex e-con-boxed e-con e-parent\" data-id=\"3e6980ae\" data-element_type=\"container\">\n\t\t\t\t\t<div class=\"e-con-inner\">\n\t\t<div class=\"elementor-element elementor-element-2b877602 e-grid e-con-full e-con e-child\" data-id=\"2b877602\" data-element_type=\"container\">\n\t\t<div class=\"elementor-element elementor-element-70fc9a32 e-con-full e-flex e-con e-child\" data-id=\"70fc9a32\" data-element_type=\"container\">\n\t\t\t\t<div class=\"elementor-element elementor-element-303ccf10 elementor-widget__width-initial elementor-widget-tablet__width-initial elementor-widget-mobile__width-initial elementor-widget elementor-widget-heading\" data-id=\"303ccf10\" data-element_type=\"widget\" data-widget_type=\"heading.default\">\n\t\t\t\t<div class=\"elementor-widget-container\">\n\t\t\t\t\t<h2 class=\"elementor-heading-title elementor-size-default\">Vamos conversar sobre o futuro da sua empresa<\/h2>\t\t\t\t<\/div>\n\t\t\t\t<\/div>\n\t\t\t\t<div class=\"elementor-element elementor-element-7a57c666 elementor-widget__width-initial elementor-widget-mobile__width-initial elementor-widget elementor-widget-text-editor\" data-id=\"7a57c666\" data-element_type=\"widget\" data-widget_type=\"text-editor.default\">\n\t\t\t\t<div class=\"elementor-widget-container\">\n\t\t\t\t\t\t\t\t\t<p>Na <strong>W4Clouds<\/strong>, acreditamos que tecnologia e estrat\u00e9gia caminham juntas. Conte com nossa equipe para desenvolver solu\u00e7\u00f5es em nuvem, seguran\u00e7a digital e inova\u00e7\u00e3o que geram resultados reais para o seu neg\u00f3cio.<\/p>\t\t\t\t\t\t\t\t<\/div>\n\t\t\t\t<\/div>\n\t\t\t\t<div class=\"elementor-element elementor-element-4eb97e71 elementor-widget elementor-widget-button\" data-id=\"4eb97e71\" data-element_type=\"widget\" data-widget_type=\"button.default\">\n\t\t\t\t<div class=\"elementor-widget-container\">\n\t\t\t\t\t\t\t\t\t<div class=\"elementor-button-wrapper\">\n\t\t\t\t\t<a class=\"elementor-button elementor-button-link elementor-size-sm\" href=\"\/en\/contato\/\">\n\t\t\t\t\t\t<span class=\"elementor-button-content-wrapper\">\n\t\t\t\t\t\t\t\t\t<span class=\"elementor-button-text\">Fale com especialistas<\/span>\n\t\t\t\t\t<\/span>\n\t\t\t\t\t<\/a>\n\t\t\t\t<\/div>\n\t\t\t\t\t\t\t\t<\/div>\n\t\t\t\t<\/div>\n\t\t\t\t<\/div>\n\t\t\t\t<div class=\"elementor-element elementor-element-32faea64 elementor-widget elementor-widget-image\" data-id=\"32faea64\" data-element_type=\"widget\" data-widget_type=\"image.default\">\n\t\t\t\t<div class=\"elementor-widget-container\">\n\t\t\t\t\t\t\t\t\t\t\t\t\t\t\t<img loading=\"lazy\" decoding=\"async\" width=\"552\" height=\"283\" src=\"https:\/\/w4clouds.com.br\/wp-content\/uploads\/2025\/09\/contato-img.png\" class=\"attachment-large size-large wp-image-3551\" alt=\"\" srcset=\"https:\/\/w4clouds.com.br\/wp-content\/uploads\/2025\/09\/contato-img.png 552w, https:\/\/w4clouds.com.br\/wp-content\/uploads\/2025\/09\/contato-img-300x154.png 300w, https:\/\/w4clouds.com.br\/wp-content\/uploads\/2025\/09\/contato-img-18x9.png 18w\" sizes=\"auto, (max-width: 552px) 100vw, 552px\" \/>\t\t\t\t\t\t\t\t\t\t\t\t\t\t\t<\/div>\n\t\t\t\t<\/div>\n\t\t\t\t<\/div>\n\t\t\t\t\t<\/div>\n\t\t\t\t<\/div>\n\t\t\t\t<\/div>","protected":false},"excerpt":{"rendered":"<p>Conhe\u00e7a nossos planos para consultoria especializada Escolha o melhor plano para a sua empresa Conhe\u00e7a nossos planos Cloud Enterprise Os servi\u00e7os de consultoria Enterprise para empresas de m\u00e9dio e grande porte oferecem uma abordagem estrat\u00e9gica e personalizada para alcan\u00e7ar governan\u00e7a completa de Nuvem, combinando servi\u00e7os gerenciados, monitora\u00e7\u00e3o avan\u00e7ada de seguran\u00e7a e pr\u00e1ticas eficientes de FinOps. [&hellip;]<\/p>","protected":false},"author":6,"featured_media":0,"parent":0,"menu_order":0,"comment_status":"closed","ping_status":"closed","template":"","meta":{"footnotes":""},"class_list":["post-1110","page","type-page","status-publish","hentry"],"_links":{"self":[{"href":"https:\/\/w4clouds.com.br\/en\/wp-json\/wp\/v2\/pages\/1110","targetHints":{"allow":["GET"]}}],"collection":[{"href":"https:\/\/w4clouds.com.br\/en\/wp-json\/wp\/v2\/pages"}],"about":[{"href":"https:\/\/w4clouds.com.br\/en\/wp-json\/wp\/v2\/types\/page"}],"author":[{"embeddable":true,"href":"https:\/\/w4clouds.com.br\/en\/wp-json\/wp\/v2\/users\/6"}],"replies":[{"embeddable":true,"href":"https:\/\/w4clouds.com.br\/en\/wp-json\/wp\/v2\/comments?post=1110"}],"version-history":[{"count":13,"href":"https:\/\/w4clouds.com.br\/en\/wp-json\/wp\/v2\/pages\/1110\/revisions"}],"predecessor-version":[{"id":3785,"href":"https:\/\/w4clouds.com.br\/en\/wp-json\/wp\/v2\/pages\/1110\/revisions\/3785"}],"wp:attachment":[{"href":"https:\/\/w4clouds.com.br\/en\/wp-json\/wp\/v2\/media?parent=1110"}],"curies":[{"name":"wp","href":"https:\/\/api.w.org\/{rel}","templated":true}]}}