{"id":16,"date":"2024-08-27T00:56:21","date_gmt":"2024-08-27T03:56:21","guid":{"rendered":"https:\/\/w4cloudswebnew.azurewebsites.net\/?page_id=16"},"modified":"2025-09-15T09:15:45","modified_gmt":"2025-09-15T13:15:45","slug":"sobre-nos","status":"publish","type":"page","link":"https:\/\/w4clouds.com.br\/en\/sobre-nos\/","title":{"rendered":"Sobre N\u00f3s"},"content":{"rendered":"<div data-elementor-type=\"wp-page\" data-elementor-id=\"16\" class=\"elementor elementor-16\" data-elementor-post-type=\"page\">\n\t\t\t\t<div class=\"elementor-element elementor-element-bb0a820 e-flex e-con-boxed e-con e-parent\" data-id=\"bb0a820\" data-element_type=\"container\" data-settings=\"{&quot;background_background&quot;:&quot;classic&quot;}\">\n\t\t\t\t\t<div class=\"e-con-inner\">\n\t\t\t\t<div class=\"elementor-element elementor-element-16e3354 elementor-widget elementor-widget-jet-breadcrumbs\" data-id=\"16e3354\" data-element_type=\"widget\" data-widget_type=\"jet-breadcrumbs.default\">\n\t\t\t\t<div class=\"elementor-widget-container\">\n\t\t\t\t\t<div class=\"elementor-jet-breadcrumbs jet-blocks\">\n\t\t<div class=\"jet-breadcrumbs\">\n\t\t<div class=\"jet-breadcrumbs__content\">\n\t\t<div class=\"jet-breadcrumbs__wrap\"><div class=\"jet-breadcrumbs__item\"><a href=\"https:\/\/w4clouds.com.br\/en\/\" class=\"jet-breadcrumbs__item-link is-home\" rel=\"home\" title=\"Home\">Home<\/a><\/div>\n\t\t<\/div>\n\t\t<\/div>\n\t\t<\/div><\/div>\t\t\t\t<\/div>\n\t\t\t\t<\/div>\n\t\t\t\t\t<\/div>\n\t\t\t\t<\/div>\n\t\t<div class=\"elementor-element elementor-element-b18ce4e e-flex e-con-boxed e-con e-parent\" data-id=\"b18ce4e\" data-element_type=\"container\">\n\t\t\t\t\t<div class=\"e-con-inner\">\n\t\t<div class=\"elementor-element elementor-element-70b5ad2 e-con-full e-flex e-con e-child\" data-id=\"70b5ad2\" data-element_type=\"container\">\n\t\t\t\t<div class=\"elementor-element elementor-element-2911fb8 elementor-widget elementor-widget-heading\" data-id=\"2911fb8\" data-element_type=\"widget\" data-widget_type=\"heading.default\">\n\t\t\t\t<div class=\"elementor-widget-container\">\n\t\t\t\t\t<h4 class=\"elementor-heading-title elementor-size-default\">NOSSA HIST\u00d3RIA<\/h4>\t\t\t\t<\/div>\n\t\t\t\t<\/div>\n\t\t\t\t<div class=\"elementor-element elementor-element-de2efab elementor-widget elementor-widget-heading\" data-id=\"de2efab\" data-element_type=\"widget\" data-widget_type=\"heading.default\">\n\t\t\t\t<div class=\"elementor-widget-container\">\n\t\t\t\t\t<h2 class=\"elementor-heading-title elementor-size-default\">Sobre a empresa<\/h2>\t\t\t\t<\/div>\n\t\t\t\t<\/div>\n\t\t\t\t<div class=\"elementor-element elementor-element-2e0cf95 elementor-widget elementor-widget-text-editor\" data-id=\"2e0cf95\" data-element_type=\"widget\" data-widget_type=\"text-editor.default\">\n\t\t\t\t<div class=\"elementor-widget-container\">\n\t\t\t\t\t\t\t\t\t<p>Desde 2013 com foco em Microsoft Cloud, alcan\u00e7amos em poucos meses a certifica\u00e7\u00e3o Microsoft Gold Partner vigente \u00e0 \u00e9poca. Inicialmente atrav\u00e9s de seus fundadores colocando a \u201cm\u00e3o na massa\u201d, vendendo, entregando, estudando, aprendendo e se certificando, conquistamos a confian\u00e7a de clientes importantes que nos ajudaram na alavancagem de nosso crescimento. Sempre acreditamos que o uso da tecnologia nos ajudaria a escalar nosso neg\u00f3cio.<br \/><br \/>&#8220;Nosso ideal sempre foi crescimento sustent\u00e1vel e otimiza\u00e7\u00e3o de processos internos e assim conseguimos otimizar nossos custos e apresentar ofertas de servi\u00e7o competitivas a nossos clientes.&#8221;<\/p>\t\t\t\t\t\t\t\t<\/div>\n\t\t\t\t<\/div>\n\t\t\t\t<\/div>\n\t\t<div class=\"elementor-element elementor-element-ea84ebe e-con-full e-flex e-con e-child\" data-id=\"ea84ebe\" data-element_type=\"container\">\n\t\t\t\t<div class=\"elementor-element elementor-element-8f82541 elementor-widget elementor-widget-image\" data-id=\"8f82541\" data-element_type=\"widget\" data-widget_type=\"image.default\">\n\t\t\t\t<div class=\"elementor-widget-container\">\n\t\t\t\t\t\t\t\t\t\t\t\t\t\t\t<img loading=\"lazy\" decoding=\"async\" width=\"695\" height=\"448\" src=\"https:\/\/w4clouds.com.br\/wp-content\/uploads\/2024\/09\/Mask-group.jpg\" class=\"attachment-large size-large wp-image-194\" alt=\"reuni\u00e3o em um escritorio\" srcset=\"https:\/\/w4clouds.com.br\/wp-content\/uploads\/2024\/09\/Mask-group.jpg 695w, https:\/\/w4clouds.com.br\/wp-content\/uploads\/2024\/09\/Mask-group-300x193.jpg 300w\" sizes=\"auto, (max-width: 695px) 100vw, 695px\" \/>\t\t\t\t\t\t\t\t\t\t\t\t\t\t\t<\/div>\n\t\t\t\t<\/div>\n\t\t\t\t<div class=\"elementor-element elementor-element-0a74ec2 elementor-icon-list--layout-inline elementor-hidden-desktop elementor-hidden-tablet elementor-hidden-mobile elementor-list-item-link-full_width elementor-widget elementor-widget-icon-list\" data-id=\"0a74ec2\" data-element_type=\"widget\" data-widget_type=\"icon-list.default\">\n\t\t\t\t<div class=\"elementor-widget-container\">\n\t\t\t\t\t\t\t<ul class=\"elementor-icon-list-items elementor-inline-items\">\n\t\t\t\t\t\t\t<li class=\"elementor-icon-list-item elementor-inline-item\">\n\t\t\t\t\t\t\t\t\t\t<span class=\"elementor-icon-list-text\">FOCO NO CLIENTE<\/span>\n\t\t\t\t\t\t\t\t\t<\/li>\n\t\t\t\t\t\t\t\t<li class=\"elementor-icon-list-item elementor-inline-item\">\n\t\t\t\t\t\t\t\t\t\t\t<span class=\"elementor-icon-list-icon\">\n\t\t\t\t\t\t\t<svg xmlns=\"http:\/\/www.w3.org\/2000\/svg\" width=\"4\" height=\"5\" viewbox=\"0 0 4 5\" fill=\"none\"><rect y=\"0.5\" width=\"4\" height=\"4\" fill=\"#CC3539\"><\/rect><\/svg>\t\t\t\t\t\t<\/span>\n\t\t\t\t\t\t\t\t\t\t<span class=\"elementor-icon-list-text\">OTIMIZA\u00c7\u00c3O<\/span>\n\t\t\t\t\t\t\t\t\t<\/li>\n\t\t\t\t\t\t\t\t<li class=\"elementor-icon-list-item elementor-inline-item\">\n\t\t\t\t\t\t\t\t\t\t\t<span class=\"elementor-icon-list-icon\">\n\t\t\t\t\t\t\t<svg xmlns=\"http:\/\/www.w3.org\/2000\/svg\" width=\"4\" height=\"5\" viewbox=\"0 0 4 5\" fill=\"none\"><rect y=\"0.5\" width=\"4\" height=\"4\" fill=\"#CC3539\"><\/rect><\/svg>\t\t\t\t\t\t<\/span>\n\t\t\t\t\t\t\t\t\t\t<span class=\"elementor-icon-list-text\">PROCESSOS<\/span>\n\t\t\t\t\t\t\t\t\t<\/li>\n\t\t\t\t\t\t\t\t<li class=\"elementor-icon-list-item elementor-inline-item\">\n\t\t\t\t\t\t\t\t\t\t\t<span class=\"elementor-icon-list-icon\">\n\t\t\t\t\t\t\t<svg xmlns=\"http:\/\/www.w3.org\/2000\/svg\" width=\"4\" height=\"5\" viewbox=\"0 0 4 5\" fill=\"none\"><rect y=\"0.5\" width=\"4\" height=\"4\" fill=\"#CC3539\"><\/rect><\/svg>\t\t\t\t\t\t<\/span>\n\t\t\t\t\t\t\t\t\t\t<span class=\"elementor-icon-list-text\">TECNOLOGIA<\/span>\n\t\t\t\t\t\t\t\t\t<\/li>\n\t\t\t\t\t\t\t\t<li class=\"elementor-icon-list-item elementor-inline-item\">\n\t\t\t\t\t\t\t\t\t\t\t<span class=\"elementor-icon-list-icon\">\n\t\t\t\t\t\t\t<svg xmlns=\"http:\/\/www.w3.org\/2000\/svg\" width=\"4\" height=\"5\" viewbox=\"0 0 4 5\" fill=\"none\"><rect y=\"0.5\" width=\"4\" height=\"4\" fill=\"#CC3539\"><\/rect><\/svg>\t\t\t\t\t\t<\/span>\n\t\t\t\t\t\t\t\t\t\t<span class=\"elementor-icon-list-text\">ATENDIMENTO<\/span>\n\t\t\t\t\t\t\t\t\t<\/li>\n\t\t\t\t\t\t<\/ul>\n\t\t\t\t\t\t<\/div>\n\t\t\t\t<\/div>\n\t\t\t\t<\/div>\n\t\t\t\t\t<\/div>\n\t\t\t\t<\/div>\n\t\t<div class=\"elementor-element elementor-element-3f3ed18 e-flex e-con-boxed e-con e-parent\" data-id=\"3f3ed18\" data-element_type=\"container\">\n\t\t\t\t\t<div class=\"e-con-inner\">\n\t\t<div class=\"elementor-element elementor-element-75b6373 e-con-full e-flex e-con e-child\" data-id=\"75b6373\" data-element_type=\"container\">\n\t\t\t\t<div class=\"elementor-element elementor-element-b985b3e elementor-widget elementor-widget-heading\" data-id=\"b985b3e\" data-element_type=\"widget\" data-widget_type=\"heading.default\">\n\t\t\t\t<div class=\"elementor-widget-container\">\n\t\t\t\t\t<h2 class=\"elementor-heading-title elementor-size-default\">Nosso diferencial<\/h2>\t\t\t\t<\/div>\n\t\t\t\t<\/div>\n\t\t\t\t<div class=\"elementor-element elementor-element-a0407cd elementor-widget elementor-widget-text-editor\" data-id=\"a0407cd\" data-element_type=\"widget\" data-widget_type=\"text-editor.default\">\n\t\t\t\t<div class=\"elementor-widget-container\">\n\t\t\t\t\t\t\t\t\t<p>Nosso diferencial sempre esteve na abordagem centrada no foco do nosso cliente, ou seja, o que mais importa pra n\u00f3s \u00e9 aquilo que realmente importa para nossos clientes. Acreditamos que o sucesso deles \u00e9 o nosso pr\u00f3prio sucesso, por isso nossas entregas ao obedecerem a essa premissa, atendem de forma personalizada os anseios e necessidades de nossos clientes.<br \/><br \/>Nossa equipe qualificada e certificada est\u00e1 pronta para oferecer Governan\u00e7a, seguran\u00e7a, suporte e projetos com intelig\u00eancia humana e artificial para superar os desafios de neg\u00f3cios em constante evolu\u00e7\u00e3o.\u00a0<\/p>\t\t\t\t\t\t\t\t<\/div>\n\t\t\t\t<\/div>\n\t\t\t\t<\/div>\n\t\t<div class=\"elementor-element elementor-element-b7e5df5 e-con-full e-flex e-con e-child\" data-id=\"b7e5df5\" data-element_type=\"container\">\n\t\t\t\t<div class=\"elementor-element elementor-element-e6df0fe elementor-widget elementor-widget-text-editor\" data-id=\"e6df0fe\" data-element_type=\"widget\" data-widget_type=\"text-editor.default\">\n\t\t\t\t<div class=\"elementor-widget-container\">\n\t\t\t\t\t\t\t\t\t<p>Com vasta experi\u00eancia e conhecimento especializado e com uma equipe multidisciplinar, atualmente somos considerados refer\u00eancia para nossos parceiros e clientes nas \u00e1reas:\u00a0<\/p>\t\t\t\t\t\t\t\t<\/div>\n\t\t\t\t<\/div>\n\t\t<div class=\"elementor-element elementor-element-7564644 e-con-full e-flex e-con e-child\" data-id=\"7564644\" data-element_type=\"container\">\n\t\t\t\t<div class=\"elementor-element elementor-element-57a5cf8 elementor-widget elementor-widget-heading\" data-id=\"57a5cf8\" data-element_type=\"widget\" data-widget_type=\"heading.default\">\n\t\t\t\t<div class=\"elementor-widget-container\">\n\t\t\t\t\t<h3 class=\"elementor-heading-title elementor-size-default\">Governan\u00e7a Cloud<\/h3>\t\t\t\t<\/div>\n\t\t\t\t<\/div>\n\t\t\t\t<\/div>\n\t\t<div class=\"elementor-element elementor-element-ee3e5f9 e-con-full e-flex e-con e-child\" data-id=\"ee3e5f9\" data-element_type=\"container\">\n\t\t\t\t<div class=\"elementor-element elementor-element-a1d4363 elementor-widget elementor-widget-heading\" data-id=\"a1d4363\" data-element_type=\"widget\" data-widget_type=\"heading.default\">\n\t\t\t\t<div class=\"elementor-widget-container\">\n\t\t\t\t\t<h3 class=\"elementor-heading-title elementor-size-default\">Projetos e Migra\u00e7\u00f5es<\/h3>\t\t\t\t<\/div>\n\t\t\t\t<\/div>\n\t\t\t\t<\/div>\n\t\t<div class=\"elementor-element elementor-element-6d040a4 e-con-full e-flex e-con e-child\" data-id=\"6d040a4\" data-element_type=\"container\">\n\t\t\t\t<div class=\"elementor-element elementor-element-dd18e42 elementor-widget elementor-widget-heading\" data-id=\"dd18e42\" data-element_type=\"widget\" data-widget_type=\"heading.default\">\n\t\t\t\t<div class=\"elementor-widget-container\">\n\t\t\t\t\t<h3 class=\"elementor-heading-title elementor-size-default\">Trust Advisor<\/h3>\t\t\t\t<\/div>\n\t\t\t\t<\/div>\n\t\t\t\t<\/div>\n\t\t<div class=\"elementor-element elementor-element-3db9c71 e-con-full e-flex e-con e-child\" data-id=\"3db9c71\" data-element_type=\"container\">\n\t\t\t\t<div class=\"elementor-element elementor-element-71c27d2 elementor-widget elementor-widget-heading\" data-id=\"71c27d2\" data-element_type=\"widget\" data-widget_type=\"heading.default\">\n\t\t\t\t<div class=\"elementor-widget-container\">\n\t\t\t\t\t<h3 class=\"elementor-heading-title elementor-size-default\">Cyber Security<\/h3>\t\t\t\t<\/div>\n\t\t\t\t<\/div>\n\t\t\t\t<\/div>\n\t\t\t\t<\/div>\n\t\t\t\t<div class=\"elementor-element elementor-element-14eb4ab elementor-widget__width-inherit elementor-widget elementor-widget-image\" data-id=\"14eb4ab\" data-element_type=\"widget\" data-widget_type=\"image.default\">\n\t\t\t\t<div class=\"elementor-widget-container\">\n\t\t\t\t\t\t\t\t\t\t\t\t\t\t\t<img loading=\"lazy\" decoding=\"async\" width=\"800\" height=\"295\" src=\"https:\/\/w4clouds.com.br\/wp-content\/uploads\/2024\/11\/Mask-group-1024x378-1.png\" class=\"attachment-large size-large wp-image-3347\" alt=\"\" srcset=\"https:\/\/w4clouds.com.br\/wp-content\/uploads\/2024\/11\/Mask-group-1024x378-1.png 1024w, https:\/\/w4clouds.com.br\/wp-content\/uploads\/2024\/11\/Mask-group-1024x378-1-300x111.png 300w, https:\/\/w4clouds.com.br\/wp-content\/uploads\/2024\/11\/Mask-group-1024x378-1-768x284.png 768w\" sizes=\"auto, (max-width: 800px) 100vw, 800px\" \/>\t\t\t\t\t\t\t\t\t\t\t\t\t\t\t<\/div>\n\t\t\t\t<\/div>\n\t\t\t\t<div class=\"elementor-element elementor-element-7284542 elementor-widget__width-initial elementor-widget-mobile__width-inherit elementor-widget-tablet__width-inherit elementor-widget elementor-widget-image-box\" data-id=\"7284542\" data-element_type=\"widget\" data-widget_type=\"image-box.default\">\n\t\t\t\t<div class=\"elementor-widget-container\">\n\t\t\t\t\t<div class=\"elementor-image-box-wrapper\"><div class=\"elementor-image-box-content\"><h3 class=\"elementor-image-box-title\">Miss\u00e3o<\/h3><p class=\"elementor-image-box-description\">Por meio da tecnologia da informa\u00e7\u00e3o, computa\u00e7\u00e3o em nuvem, intelig\u00eancia artificial, tornar processos mais eficientes, pessoas mais produtivas e empresas mais competitivas.<\/p><\/div><\/div>\t\t\t\t<\/div>\n\t\t\t\t<\/div>\n\t\t\t\t<div class=\"elementor-element elementor-element-95af8de elementor-widget__width-initial elementor-widget-mobile__width-inherit elementor-widget-tablet__width-inherit elementor-widget elementor-widget-image-box\" data-id=\"95af8de\" data-element_type=\"widget\" data-widget_type=\"image-box.default\">\n\t\t\t\t<div class=\"elementor-widget-container\">\n\t\t\t\t\t<div class=\"elementor-image-box-wrapper\"><div class=\"elementor-image-box-content\"><h3 class=\"elementor-image-box-title\">Vis\u00e3o<\/h3><p class=\"elementor-image-box-description\">Ser refer\u00eancia para o ecosistema de clienets e parceiros que demandam de solu\u00e7\u00f5es de tecnologia que viabilizem melhoria cont\u00ednua de seus processos de neg\u00f3cio.<\/p><\/div><\/div>\t\t\t\t<\/div>\n\t\t\t\t<\/div>\n\t\t\t\t<div class=\"elementor-element elementor-element-b622f4a elementor-widget__width-initial elementor-widget-mobile__width-inherit elementor-widget-tablet__width-inherit elementor-widget elementor-widget-image-box\" data-id=\"b622f4a\" data-element_type=\"widget\" data-widget_type=\"image-box.default\">\n\t\t\t\t<div class=\"elementor-widget-container\">\n\t\t\t\t\t<div class=\"elementor-image-box-wrapper\"><div class=\"elementor-image-box-content\"><h3 class=\"elementor-image-box-title\">Valores<\/h3><p class=\"elementor-image-box-description\">Excel\u00eancia, Inova\u00e7\u00e3o e Parceria: Nossos valores fundamentais que refletem nosso compromisso com a qualidade, oferecendo o suporte necess\u00e1rio e o trabalho em equipe para alcan\u00e7ar o sucesso de nossos clientes.<\/p><\/div><\/div>\t\t\t\t<\/div>\n\t\t\t\t<\/div>\n\t\t\t\t\t<\/div>\n\t\t\t\t<\/div>\n\t\t<div class=\"elementor-element elementor-element-c9b3b67 e-flex e-con-boxed e-con e-parent\" data-id=\"c9b3b67\" data-element_type=\"container\" data-settings=\"{&quot;background_background&quot;:&quot;classic&quot;}\">\n\t\t\t\t\t<div class=\"e-con-inner\">\n\t\t<div class=\"elementor-element elementor-element-85aca3e e-con-full e-flex e-con e-child\" data-id=\"85aca3e\" data-element_type=\"container\">\n\t\t\t\t<div class=\"elementor-element elementor-element-807b033 elementor-widget elementor-widget-heading\" data-id=\"807b033\" data-element_type=\"widget\" data-widget_type=\"heading.default\">\n\t\t\t\t<div class=\"elementor-widget-container\">\n\t\t\t\t\t<h2 class=\"elementor-heading-title elementor-size-default\">Por que a W4Clouds?<\/h2>\t\t\t\t<\/div>\n\t\t\t\t<\/div>\n\t\t\t\t<div class=\"elementor-element elementor-element-8a57f2b elementor-widget elementor-widget-text-editor\" data-id=\"8a57f2b\" data-element_type=\"widget\" data-widget_type=\"text-editor.default\">\n\t\t\t\t<div class=\"elementor-widget-container\">\n\t\t\t\t\t\t\t\t\t<p>Por conta de nossa classifica\u00e7\u00e3o na Microsoft (System integrator) somos reconhecidos por nossos clientes e pela Microsoft como capazes de entregar Projetos com avan\u00e7ado emprego de IA (Microsoft Copilot) e Servi\u00e7o Gerenciado em Modern Work e Infraestrutura Cloud. Nossa sensa\u00e7\u00e3o de dever cumprido ocorre quando nossos clientes conseguem adotar na plenitude tudo aquilo que foi comprado e que possui direito.\u00a0 Acordamos todos os dias lidando com processos de Monitora\u00e7\u00e3o, Migra\u00e7\u00e3o para Nuvem Microsoft, Projetos, Governan\u00e7a e suporte.\u00a0 Somos especialistas nisso.<\/p>\t\t\t\t\t\t\t\t<\/div>\n\t\t\t\t<\/div>\n\t\t\t\t<\/div>\n\t\t\t\t<div class=\"elementor-element elementor-element-427f973 elementor-widget__width-initial elementor-widget-tablet__width-inherit elementor-widget elementor-widget-image\" data-id=\"427f973\" data-element_type=\"widget\" data-widget_type=\"image.default\">\n\t\t\t\t<div class=\"elementor-widget-container\">\n\t\t\t\t\t\t\t\t\t\t\t\t\t\t\t<img loading=\"lazy\" decoding=\"async\" width=\"624\" height=\"448\" src=\"https:\/\/w4clouds.com.br\/wp-content\/uploads\/2024\/09\/business-executives-discussing-with-their-colleagues-whiteboa-1.png\" class=\"attachment-large size-large wp-image-236\" alt=\"Reuni\u00e3o com pessoas com computadores\" srcset=\"https:\/\/w4clouds.com.br\/wp-content\/uploads\/2024\/09\/business-executives-discussing-with-their-colleagues-whiteboa-1.png 624w, https:\/\/w4clouds.com.br\/wp-content\/uploads\/2024\/09\/business-executives-discussing-with-their-colleagues-whiteboa-1-300x215.png 300w\" sizes=\"auto, (max-width: 624px) 100vw, 624px\" \/>\t\t\t\t\t\t\t\t\t\t\t\t\t\t\t<\/div>\n\t\t\t\t<\/div>\n\t\t\t\t\t<\/div>\n\t\t\t\t<\/div>\n\t\t<div class=\"elementor-element elementor-element-49a32b3 e-flex e-con-boxed e-con e-parent\" data-id=\"49a32b3\" data-element_type=\"container\">\n\t\t\t\t\t<div class=\"e-con-inner\">\n\t\t\t\t<div class=\"elementor-element elementor-element-40fecdb elementor-widget__width-initial elementor-widget-tablet__width-inherit elementor-widget elementor-widget-image\" data-id=\"40fecdb\" data-element_type=\"widget\" data-widget_type=\"image.default\">\n\t\t\t\t<div class=\"elementor-widget-container\">\n\t\t\t\t\t\t\t\t\t\t\t\t\t\t\t<img loading=\"lazy\" decoding=\"async\" width=\"624\" height=\"592\" src=\"https:\/\/w4clouds.com.br\/wp-content\/uploads\/2024\/09\/business-executives-discussing-with-their-colleagues-whiteboa-1-1.png\" class=\"attachment-large size-large wp-image-238\" alt=\"aperto de m\u00e3o entre executivos\" srcset=\"https:\/\/w4clouds.com.br\/wp-content\/uploads\/2024\/09\/business-executives-discussing-with-their-colleagues-whiteboa-1-1.png 624w, https:\/\/w4clouds.com.br\/wp-content\/uploads\/2024\/09\/business-executives-discussing-with-their-colleagues-whiteboa-1-1-300x285.png 300w\" sizes=\"auto, (max-width: 624px) 100vw, 624px\" \/>\t\t\t\t\t\t\t\t\t\t\t\t\t\t\t<\/div>\n\t\t\t\t<\/div>\n\t\t<div class=\"elementor-element elementor-element-c237a8d e-con-full e-flex e-con e-child\" data-id=\"c237a8d\" data-element_type=\"container\">\n\t\t\t\t<div class=\"elementor-element elementor-element-783557e elementor-widget elementor-widget-heading\" data-id=\"783557e\" data-element_type=\"widget\" data-widget_type=\"heading.default\">\n\t\t\t\t<div class=\"elementor-widget-container\">\n\t\t\t\t\t<h3 class=\"elementor-heading-title elementor-size-default\">Somos gerenciados por um time na Microsoft que:<\/h3>\t\t\t\t<\/div>\n\t\t\t\t<\/div>\n\t\t\t\t<div class=\"elementor-element elementor-element-0a90960 elementor-icon-list--layout-traditional elementor-list-item-link-full_width elementor-widget elementor-widget-icon-list\" data-id=\"0a90960\" data-element_type=\"widget\" data-widget_type=\"icon-list.default\">\n\t\t\t\t<div class=\"elementor-widget-container\">\n\t\t\t\t\t\t\t<ul class=\"elementor-icon-list-items\">\n\t\t\t\t\t\t\t<li class=\"elementor-icon-list-item\">\n\t\t\t\t\t\t\t\t\t\t\t<span class=\"elementor-icon-list-icon\">\n\t\t\t\t\t\t\t<svg xmlns=\"http:\/\/www.w3.org\/2000\/svg\" width=\"24\" height=\"25\" viewbox=\"0 0 24 25\" fill=\"none\"><path fill-rule=\"evenodd\" clip-rule=\"evenodd\" d=\"M12 21.5C7.029 21.5 3 17.471 3 12.5C3 7.529 7.029 3.5 12 3.5C16.971 3.5 21 7.529 21 12.5C21 17.471 16.971 21.5 12 21.5Z\" fill=\"#81BC06\"><\/path><path d=\"M16 10.5L11 15.5L8 12.5\" stroke=\"white\" stroke-width=\"1.5\" stroke-linecap=\"round\" stroke-linejoin=\"round\"><\/path><\/svg>\t\t\t\t\t\t<\/span>\n\t\t\t\t\t\t\t\t\t\t<span class=\"elementor-icon-list-text\">Nos apoia<\/span>\n\t\t\t\t\t\t\t\t\t<\/li>\n\t\t\t\t\t\t\t\t<li class=\"elementor-icon-list-item\">\n\t\t\t\t\t\t\t\t\t\t\t<span class=\"elementor-icon-list-icon\">\n\t\t\t\t\t\t\t<svg xmlns=\"http:\/\/www.w3.org\/2000\/svg\" width=\"24\" height=\"25\" viewbox=\"0 0 24 25\" fill=\"none\"><path fill-rule=\"evenodd\" clip-rule=\"evenodd\" d=\"M12 21.5C7.029 21.5 3 17.471 3 12.5C3 7.529 7.029 3.5 12 3.5C16.971 3.5 21 7.529 21 12.5C21 17.471 16.971 21.5 12 21.5Z\" fill=\"#81BC06\"><\/path><path d=\"M16 10.5L11 15.5L8 12.5\" stroke=\"white\" stroke-width=\"1.5\" stroke-linecap=\"round\" stroke-linejoin=\"round\"><\/path><\/svg>\t\t\t\t\t\t<\/span>\n\t\t\t\t\t\t\t\t\t\t<span class=\"elementor-icon-list-text\">Define padr\u00f5es de governan\u00e7a<\/span>\n\t\t\t\t\t\t\t\t\t<\/li>\n\t\t\t\t\t\t\t\t<li class=\"elementor-icon-list-item\">\n\t\t\t\t\t\t\t\t\t\t\t<span class=\"elementor-icon-list-icon\">\n\t\t\t\t\t\t\t<svg xmlns=\"http:\/\/www.w3.org\/2000\/svg\" width=\"24\" height=\"25\" viewbox=\"0 0 24 25\" fill=\"none\"><path fill-rule=\"evenodd\" clip-rule=\"evenodd\" d=\"M12 21.5C7.029 21.5 3 17.471 3 12.5C3 7.529 7.029 3.5 12 3.5C16.971 3.5 21 7.529 21 12.5C21 17.471 16.971 21.5 12 21.5Z\" fill=\"#81BC06\"><\/path><path d=\"M16 10.5L11 15.5L8 12.5\" stroke=\"white\" stroke-width=\"1.5\" stroke-linecap=\"round\" stroke-linejoin=\"round\"><\/path><\/svg>\t\t\t\t\t\t<\/span>\n\t\t\t\t\t\t\t\t\t\t<span class=\"elementor-icon-list-text\">Audita o nosso trabalho e nos orienta constantemente.<\/span>\n\t\t\t\t\t\t\t\t\t<\/li>\n\t\t\t\t\t\t<\/ul>\n\t\t\t\t\t\t<\/div>\n\t\t\t\t<\/div>\n\t\t\t\t<div class=\"elementor-element elementor-element-e6dd10b elementor-widget elementor-widget-text-editor\" data-id=\"e6dd10b\" data-element_type=\"widget\" data-widget_type=\"text-editor.default\">\n\t\t\t\t<div class=\"elementor-widget-container\">\n\t\t\t\t\t\t\t\t\t<p>Este processo (Parceiro System Integrator gerenciado) \u00e9 o que garante a nossos clientes a qualidade em nossas entregas.\u200b<br \/><br \/>Um parceiro S.I gerenciado pela Microsoft, diferente de um parceiro LSP (licenciador), possui o respaldo do fabricante, as habilidades, treinamentos e know-how adequados para entregar servi\u00e7os gerenciados.\u200b<br \/><br \/>Ao lado do contato de nossa gest\u00e3o dentro da Microsoft, onde poder\u00e1 ser constatada nossas habilidades e nossas metas de qualidade e gest\u00e3o. Levante nossa refer\u00eancia junto ao Fabricante Microsoft.<\/p>\t\t\t\t\t\t\t\t<\/div>\n\t\t\t\t<\/div>\n\t\t\t\t<\/div>\n\t\t\t\t\t<\/div>\n\t\t\t\t<\/div>\n\t\t\t\t<\/div>","protected":false},"excerpt":{"rendered":"<p>Home NOSSA HIST\u00d3RIA Sobre a empresa Desde 2013 com foco em Microsoft Cloud, alcan\u00e7amos em poucos meses a certifica\u00e7\u00e3o Microsoft Gold Partner vigente \u00e0 \u00e9poca. Inicialmente atrav\u00e9s de seus fundadores colocando a \u201cm\u00e3o na massa\u201d, vendendo, entregando, estudando, aprendendo e se certificando, conquistamos a confian\u00e7a de clientes importantes que nos ajudaram na alavancagem de nosso [&hellip;]<\/p>","protected":false},"author":6,"featured_media":0,"parent":0,"menu_order":2,"comment_status":"closed","ping_status":"closed","template":"","meta":{"footnotes":""},"class_list":["post-16","page","type-page","status-publish","hentry"],"_links":{"self":[{"href":"https:\/\/w4clouds.com.br\/en\/wp-json\/wp\/v2\/pages\/16","targetHints":{"allow":["GET"]}}],"collection":[{"href":"https:\/\/w4clouds.com.br\/en\/wp-json\/wp\/v2\/pages"}],"about":[{"href":"https:\/\/w4clouds.com.br\/en\/wp-json\/wp\/v2\/types\/page"}],"author":[{"embeddable":true,"href":"https:\/\/w4clouds.com.br\/en\/wp-json\/wp\/v2\/users\/6"}],"replies":[{"embeddable":true,"href":"https:\/\/w4clouds.com.br\/en\/wp-json\/wp\/v2\/comments?post=16"}],"version-history":[{"count":10,"href":"https:\/\/w4clouds.com.br\/en\/wp-json\/wp\/v2\/pages\/16\/revisions"}],"predecessor-version":[{"id":3643,"href":"https:\/\/w4clouds.com.br\/en\/wp-json\/wp\/v2\/pages\/16\/revisions\/3643"}],"wp:attachment":[{"href":"https:\/\/w4clouds.com.br\/en\/wp-json\/wp\/v2\/media?parent=16"}],"curies":[{"name":"wp","href":"https:\/\/api.w.org\/{rel}","templated":true}]}}