{"id":20,"date":"2024-08-27T00:56:46","date_gmt":"2024-08-27T03:56:46","guid":{"rendered":"https:\/\/w4cloudswebnew.azurewebsites.net\/?page_id=20"},"modified":"2025-09-15T08:53:30","modified_gmt":"2025-09-15T12:53:30","slug":"licenciamento","status":"publish","type":"page","link":"https:\/\/w4clouds.com.br\/en\/licenciamento\/","title":{"rendered":"Licenciamento"},"content":{"rendered":"<div data-elementor-type=\"wp-page\" data-elementor-id=\"20\" class=\"elementor elementor-20\" data-elementor-post-type=\"page\">\n\t\t\t\t<div class=\"elementor-element elementor-element-4305ee7e e-flex e-con-boxed e-con e-parent\" data-id=\"4305ee7e\" data-element_type=\"container\">\n\t\t\t\t\t<div class=\"e-con-inner\">\n\t\t<div class=\"elementor-element elementor-element-5340772c e-con-full e-flex e-con e-child\" data-id=\"5340772c\" data-element_type=\"container\" data-settings=\"{&quot;background_background&quot;:&quot;classic&quot;}\">\n\t\t\t\t<div class=\"elementor-element elementor-element-3c98d673 elementor-invisible elementor-widget elementor-widget-heading\" data-id=\"3c98d673\" data-element_type=\"widget\" data-settings=\"{&quot;_animation&quot;:&quot;fadeIn&quot;}\" data-widget_type=\"heading.default\">\n\t\t\t\t<div class=\"elementor-widget-container\">\n\t\t\t\t\t<h1 class=\"elementor-heading-title elementor-size-default\">Licen\u00e7as Microsoft oficiais<\/h1>\t\t\t\t<\/div>\n\t\t\t\t<\/div>\n\t\t\t\t<div class=\"elementor-element elementor-element-7b85aa00 elementor-invisible elementor-widget elementor-widget-text-editor\" data-id=\"7b85aa00\" data-element_type=\"widget\" data-settings=\"{&quot;_animation&quot;:&quot;fadeIn&quot;}\" data-widget_type=\"text-editor.default\">\n\t\t\t\t<div class=\"elementor-widget-container\">\n\t\t\t\t\t\t\t\t\t<p>Seguran\u00e7a, conformidade e produtividade garantidas<\/p>\t\t\t\t\t\t\t\t<\/div>\n\t\t\t\t<\/div>\n\t\t\t\t<\/div>\n\t\t\t\t\t<\/div>\n\t\t\t\t<\/div>\n\t\t<div class=\"elementor-element elementor-element-3d7e00e e-flex e-con-boxed e-con e-parent\" data-id=\"3d7e00e\" data-element_type=\"container\">\n\t\t\t\t\t<div class=\"e-con-inner\">\n\t\t\t\t<div class=\"elementor-element elementor-element-3632afb elementor-widget elementor-widget-jet-listing-grid\" data-id=\"3632afb\" data-element_type=\"widget\" data-settings=\"{&quot;columns&quot;:&quot;3&quot;,&quot;columns_mobile&quot;:&quot;1&quot;}\" data-widget_type=\"jet-listing-grid.default\">\n\t\t\t\t<div class=\"elementor-widget-container\">\n\t\t\t\t\t<div class=\"jet-listing-grid jet-listing\"><div class=\"jet-listing-grid__items grid-col-desk-3 grid-col-tablet-3 grid-col-mobile-1 jet-listing-grid--292 jet-equal-columns__wrapper\" data-queried-id=\"20|WP_Post\" data-nav=\"{&quot;enabled&quot;:false,&quot;type&quot;:null,&quot;more_el&quot;:null,&quot;query&quot;:[],&quot;widget_settings&quot;:{&quot;lisitng_id&quot;:292,&quot;posts_num&quot;:999,&quot;columns&quot;:3,&quot;columns_tablet&quot;:3,&quot;columns_mobile&quot;:1,&quot;column_min_width&quot;:240,&quot;column_min_width_tablet&quot;:240,&quot;column_min_width_mobile&quot;:240,&quot;inline_columns_css&quot;:false,&quot;is_archive_template&quot;:&quot;&quot;,&quot;post_status&quot;:[&quot;publish&quot;],&quot;use_random_posts_num&quot;:&quot;&quot;,&quot;max_posts_num&quot;:9,&quot;not_found_message&quot;:&quot;No data was found&quot;,&quot;is_masonry&quot;:false,&quot;equal_columns_height&quot;:&quot;yes&quot;,&quot;use_load_more&quot;:&quot;&quot;,&quot;load_more_id&quot;:&quot;&quot;,&quot;load_more_type&quot;:&quot;click&quot;,&quot;load_more_offset&quot;:{&quot;unit&quot;:&quot;px&quot;,&quot;size&quot;:0,&quot;sizes&quot;:[]},&quot;use_custom_post_types&quot;:&quot;&quot;,&quot;custom_post_types&quot;:[],&quot;hide_widget_if&quot;:&quot;&quot;,&quot;carousel_enabled&quot;:&quot;&quot;,&quot;slides_to_scroll&quot;:&quot;1&quot;,&quot;arrows&quot;:&quot;true&quot;,&quot;arrow_icon&quot;:&quot;fa fa-angle-left&quot;,&quot;dots&quot;:&quot;&quot;,&quot;autoplay&quot;:&quot;true&quot;,&quot;pause_on_hover&quot;:&quot;true&quot;,&quot;autoplay_speed&quot;:5000,&quot;infinite&quot;:&quot;true&quot;,&quot;center_mode&quot;:&quot;&quot;,&quot;effect&quot;:&quot;slide&quot;,&quot;speed&quot;:500,&quot;inject_alternative_items&quot;:&quot;&quot;,&quot;injection_items&quot;:[],&quot;scroll_slider_enabled&quot;:&quot;&quot;,&quot;scroll_slider_on&quot;:[&quot;desktop&quot;,&quot;tablet&quot;,&quot;mobile&quot;],&quot;custom_query&quot;:false,&quot;custom_query_id&quot;:&quot;&quot;,&quot;_element_id&quot;:&quot;&quot;,&quot;collapse_first_last_gap&quot;:false,&quot;list_tag_selection&quot;:&quot;&quot;,&quot;list_items_wrapper_tag&quot;:&quot;div&quot;,&quot;list_item_tag&quot;:&quot;div&quot;,&quot;empty_items_wrapper_tag&quot;:&quot;div&quot;}}\" data-page=\"1\" data-pages=\"1\" data-listing-source=\"posts\" data-listing-id=\"292\" data-query-id=\"\"><div class=\"jet-listing-grid__item jet-listing-dynamic-post-358 jet-equal-columns\" data-post-id=\"358\"  >\t\t<div data-elementor-type=\"jet-listing-items\" data-elementor-id=\"292\" class=\"elementor elementor-292\" data-elementor-post-type=\"jet-engine\">\n\t\t\t\t<div class=\"elementor-element elementor-element-f9df396 e-flex e-con-boxed e-con e-parent\" data-id=\"f9df396\" data-element_type=\"container\" data-settings=\"{&quot;background_background&quot;:&quot;classic&quot;}\">\n\t\t\t\t\t<div class=\"e-con-inner\">\n\t\t\t\t<div class=\"elementor-element elementor-element-e957f83 elementor-widget__width-initial elementor-widget elementor-widget-image\" data-id=\"e957f83\" data-element_type=\"widget\" data-widget_type=\"image.default\">\n\t\t\t\t<div class=\"elementor-widget-container\">\n\t\t\t\t\t\t\t\t\t\t\t\t\t\t\t<img loading=\"lazy\" decoding=\"async\" width=\"280\" height=\"83\" src=\"https:\/\/w4clouds.com.br\/wp-content\/uploads\/2024\/10\/Microsoft-365.jpg\" class=\"attachment-large size-large wp-image-2498\" alt=\"Logotipo da Microsoft 365\" \/>\t\t\t\t\t\t\t\t\t\t\t\t\t\t\t<\/div>\n\t\t\t\t<\/div>\n\t\t\t\t<div class=\"elementor-element elementor-element-4e1cbcb elementor-widget__width-inherit elementor-widget elementor-widget-text-editor\" data-id=\"4e1cbcb\" data-element_type=\"widget\" data-widget_type=\"text-editor.default\">\n\t\t\t\t<div class=\"elementor-widget-container\">\n\t\t\t\t\t\t\t\t\tInstale os aplicativos do Office em at\u00e9 5 dispositivos e desfrute das principais ferramentas e servi\u00e7os online como Outlook, Microsoft Teams, Planner, Power Apps, Sharepoint, OneDrive dentre outras.\t\t\t\t\t\t\t\t<\/div>\n\t\t\t\t<\/div>\n\t\t\t\t\t<\/div>\n\t\t\t\t<\/div>\n\t\t\t\t<\/div>\n\t\t<\/div><div class=\"jet-listing-grid__item jet-listing-dynamic-post-388 jet-equal-columns\" data-post-id=\"388\"  >\t\t<div data-elementor-type=\"jet-listing-items\" data-elementor-id=\"292\" class=\"elementor elementor-292\" data-elementor-post-type=\"jet-engine\">\n\t\t\t\t<div class=\"elementor-element elementor-element-f9df396 e-flex e-con-boxed e-con e-parent\" data-id=\"f9df396\" data-element_type=\"container\" data-settings=\"{&quot;background_background&quot;:&quot;classic&quot;}\">\n\t\t\t\t\t<div class=\"e-con-inner\">\n\t\t\t\t<div class=\"elementor-element elementor-element-e957f83 elementor-widget__width-initial elementor-widget elementor-widget-image\" data-id=\"e957f83\" data-element_type=\"widget\" data-widget_type=\"image.default\">\n\t\t\t\t<div class=\"elementor-widget-container\">\n\t\t\t\t\t\t\t\t\t\t\t\t\t\t\t<img loading=\"lazy\" decoding=\"async\" width=\"280\" height=\"83\" src=\"https:\/\/w4clouds.com.br\/wp-content\/uploads\/2024\/10\/Azure.jpg\" class=\"attachment-large size-large wp-image-2496\" alt=\"Logotipo do Microsoft Azure\" \/>\t\t\t\t\t\t\t\t\t\t\t\t\t\t\t<\/div>\n\t\t\t\t<\/div>\n\t\t\t\t<div class=\"elementor-element elementor-element-4e1cbcb elementor-widget__width-inherit elementor-widget elementor-widget-text-editor\" data-id=\"4e1cbcb\" data-element_type=\"widget\" data-widget_type=\"text-editor.default\">\n\t\t\t\t<div class=\"elementor-widget-container\">\n\t\t\t\t\t\t\t\t\tO Microsoft Azure \u00e9 uma plataforma de nuvem que oferece uma ampla gama de servi\u00e7os, incluindo computa\u00e7\u00e3o, armazenamento e redes. Ele suporta desenvolvimento e gerenciamento de aplicativos com ferramentas integradas e seguran\u00e7a robusta. Al\u00e9m disso, permite escalabilidade sob demanda e integra\u00e7\u00e3o com outras solu\u00e7\u00f5es Microsoft.\t\t\t\t\t\t\t\t<\/div>\n\t\t\t\t<\/div>\n\t\t\t\t\t<\/div>\n\t\t\t\t<\/div>\n\t\t\t\t<\/div>\n\t\t<\/div><div class=\"jet-listing-grid__item jet-listing-dynamic-post-389 jet-equal-columns\" data-post-id=\"389\"  >\t\t<div data-elementor-type=\"jet-listing-items\" data-elementor-id=\"292\" class=\"elementor elementor-292\" data-elementor-post-type=\"jet-engine\">\n\t\t\t\t<div class=\"elementor-element elementor-element-f9df396 e-flex e-con-boxed e-con e-parent\" data-id=\"f9df396\" data-element_type=\"container\" data-settings=\"{&quot;background_background&quot;:&quot;classic&quot;}\">\n\t\t\t\t\t<div class=\"e-con-inner\">\n\t\t\t\t<div class=\"elementor-element elementor-element-e957f83 elementor-widget__width-initial elementor-widget elementor-widget-image\" data-id=\"e957f83\" data-element_type=\"widget\" data-widget_type=\"image.default\">\n\t\t\t\t<div class=\"elementor-widget-container\">\n\t\t\t\t\t\t\t\t\t\t\t\t\t\t\t<img loading=\"lazy\" decoding=\"async\" width=\"280\" height=\"83\" src=\"https:\/\/w4clouds.com.br\/wp-content\/uploads\/2024\/10\/Copilot.jpg\" class=\"attachment-large size-large wp-image-2497\" alt=\"Logotipo do Copilot\" \/>\t\t\t\t\t\t\t\t\t\t\t\t\t\t\t<\/div>\n\t\t\t\t<\/div>\n\t\t\t\t<div class=\"elementor-element elementor-element-4e1cbcb elementor-widget__width-inherit elementor-widget elementor-widget-text-editor\" data-id=\"4e1cbcb\" data-element_type=\"widget\" data-widget_type=\"text-editor.default\">\n\t\t\t\t<div class=\"elementor-widget-container\">\n\t\t\t\t\t\t\t\t\tO Microsoft Copilot para M365 melhora a colabora\u00e7\u00e3o e a produtividade ao oferecer insights contextuais, respostas r\u00e1pidas e pode ser usado para automa\u00e7\u00e3o de processes repetitivos. integra-se aos aplicativos do Microsoft 365 para ajudar com tarefas di\u00e1rias, como cria\u00e7\u00e3o de documentos e an\u00e1lise de dados. \t\t\t\t\t\t\t\t<\/div>\n\t\t\t\t<\/div>\n\t\t\t\t\t<\/div>\n\t\t\t\t<\/div>\n\t\t\t\t<\/div>\n\t\t<\/div><div class=\"jet-listing-grid__item jet-listing-dynamic-post-391 jet-equal-columns\" data-post-id=\"391\"  >\t\t<div data-elementor-type=\"jet-listing-items\" data-elementor-id=\"292\" class=\"elementor elementor-292\" data-elementor-post-type=\"jet-engine\">\n\t\t\t\t<div class=\"elementor-element elementor-element-f9df396 e-flex e-con-boxed e-con e-parent\" data-id=\"f9df396\" data-element_type=\"container\" data-settings=\"{&quot;background_background&quot;:&quot;classic&quot;}\">\n\t\t\t\t\t<div class=\"e-con-inner\">\n\t\t\t\t<div class=\"elementor-element elementor-element-e957f83 elementor-widget__width-initial elementor-widget elementor-widget-image\" data-id=\"e957f83\" data-element_type=\"widget\" data-widget_type=\"image.default\">\n\t\t\t\t<div class=\"elementor-widget-container\">\n\t\t\t\t\t\t\t\t\t\t\t\t\t\t\t<img loading=\"lazy\" decoding=\"async\" width=\"280\" height=\"83\" src=\"https:\/\/w4clouds.com.br\/wp-content\/uploads\/2024\/10\/Windows-Defender.jpg\" class=\"attachment-large size-large wp-image-2503\" alt=\"Logotipo do Windows Defender\" \/>\t\t\t\t\t\t\t\t\t\t\t\t\t\t\t<\/div>\n\t\t\t\t<\/div>\n\t\t\t\t<div class=\"elementor-element elementor-element-4e1cbcb elementor-widget__width-inherit elementor-widget elementor-widget-text-editor\" data-id=\"4e1cbcb\" data-element_type=\"widget\" data-widget_type=\"text-editor.default\">\n\t\t\t\t<div class=\"elementor-widget-container\">\n\t\t\t\t\t\t\t\t\tO Microsoft Defender oferece prote\u00e7\u00e3o contra v\u00edrus e amea\u00e7as, firewall e seguran\u00e7a de rede, al\u00e9m de controle de aplicativos e navegador.  Inclui prote\u00e7\u00e3o de contas Microsoft e seguran\u00e7a de hardware, com detec\u00e7\u00e3o de amea\u00e7as em tempo real e prote\u00e7\u00e3o contra ransomware, \u00e9 uma solu\u00e7\u00e3o abrangente para a seguran\u00e7a cibern\u00e9tica.\t\t\t\t\t\t\t\t<\/div>\n\t\t\t\t<\/div>\n\t\t\t\t\t<\/div>\n\t\t\t\t<\/div>\n\t\t\t\t<\/div>\n\t\t<\/div><div class=\"jet-listing-grid__item jet-listing-dynamic-post-393 jet-equal-columns\" data-post-id=\"393\"  >\t\t<div data-elementor-type=\"jet-listing-items\" data-elementor-id=\"292\" class=\"elementor elementor-292\" data-elementor-post-type=\"jet-engine\">\n\t\t\t\t<div class=\"elementor-element elementor-element-f9df396 e-flex e-con-boxed e-con e-parent\" data-id=\"f9df396\" data-element_type=\"container\" data-settings=\"{&quot;background_background&quot;:&quot;classic&quot;}\">\n\t\t\t\t\t<div class=\"e-con-inner\">\n\t\t\t\t<div class=\"elementor-element elementor-element-e957f83 elementor-widget__width-initial elementor-widget elementor-widget-image\" data-id=\"e957f83\" data-element_type=\"widget\" data-widget_type=\"image.default\">\n\t\t\t\t<div class=\"elementor-widget-container\">\n\t\t\t\t\t\t\t\t\t\t\t\t\t\t\t<img loading=\"lazy\" decoding=\"async\" width=\"280\" height=\"83\" src=\"https:\/\/w4clouds.com.br\/wp-content\/uploads\/2024\/10\/office-365.jpg\" class=\"attachment-large size-large wp-image-2499\" alt=\"Logotipo do Office 365\" \/>\t\t\t\t\t\t\t\t\t\t\t\t\t\t\t<\/div>\n\t\t\t\t<\/div>\n\t\t\t\t<div class=\"elementor-element elementor-element-4e1cbcb elementor-widget__width-inherit elementor-widget elementor-widget-text-editor\" data-id=\"4e1cbcb\" data-element_type=\"widget\" data-widget_type=\"text-editor.default\">\n\t\t\t\t<div class=\"elementor-widget-container\">\n\t\t\t\t\t\t\t\t\tO Microsoft 365 Backup oferece backup e restaura\u00e7\u00e3o r\u00e1pidos para dados do OneDrive, SharePoint e Exchange. Ele permite a recupera\u00e7\u00e3o granular de itens espec\u00edficos e restaura\u00e7\u00f5es completas de sites e contas. Al\u00e9m disso, garante a continuidade dos neg\u00f3cios com pontos de restaura\u00e7\u00e3o expressos e gerenciamento consolidado de seguran\u00e7a e conformidade.\t\t\t\t\t\t\t\t<\/div>\n\t\t\t\t<\/div>\n\t\t\t\t\t<\/div>\n\t\t\t\t<\/div>\n\t\t\t\t<\/div>\n\t\t<\/div><div class=\"jet-listing-grid__item jet-listing-dynamic-post-390 jet-equal-columns\" data-post-id=\"390\"  >\t\t<div data-elementor-type=\"jet-listing-items\" data-elementor-id=\"292\" class=\"elementor elementor-292\" data-elementor-post-type=\"jet-engine\">\n\t\t\t\t<div class=\"elementor-element elementor-element-f9df396 e-flex e-con-boxed e-con e-parent\" data-id=\"f9df396\" data-element_type=\"container\" data-settings=\"{&quot;background_background&quot;:&quot;classic&quot;}\">\n\t\t\t\t\t<div class=\"e-con-inner\">\n\t\t\t\t<div class=\"elementor-element elementor-element-e957f83 elementor-widget__width-initial elementor-widget elementor-widget-image\" data-id=\"e957f83\" data-element_type=\"widget\" data-widget_type=\"image.default\">\n\t\t\t\t<div class=\"elementor-widget-container\">\n\t\t\t\t\t\t\t\t\t\t\t\t\t\t\t<img loading=\"lazy\" decoding=\"async\" width=\"280\" height=\"83\" src=\"https:\/\/w4clouds.com.br\/wp-content\/uploads\/2024\/10\/Power-BI.jpg\" class=\"attachment-large size-large wp-image-2500\" alt=\"Logotipo do Power BI\" \/>\t\t\t\t\t\t\t\t\t\t\t\t\t\t\t<\/div>\n\t\t\t\t<\/div>\n\t\t\t\t<div class=\"elementor-element elementor-element-4e1cbcb elementor-widget__width-inherit elementor-widget elementor-widget-text-editor\" data-id=\"4e1cbcb\" data-element_type=\"widget\" data-widget_type=\"text-editor.default\">\n\t\t\t\t<div class=\"elementor-widget-container\">\n\t\t\t\t\t\t\t\t\tO Power BI \u00e9 um conjunto de ferramentas de an\u00e1lise de neg\u00f3cios que transforma dados em visuais avan\u00e7ados, permitindo a cria\u00e7\u00e3o de pain\u00e9is interativos e relat\u00f3rios detalhados.\t\t\t\t\t\t\t\t<\/div>\n\t\t\t\t<\/div>\n\t\t\t\t\t<\/div>\n\t\t\t\t<\/div>\n\t\t\t\t<\/div>\n\t\t<\/div><div class=\"jet-listing-grid__item jet-listing-dynamic-post-1462 jet-equal-columns\" data-post-id=\"1462\"  >\t\t<div data-elementor-type=\"jet-listing-items\" data-elementor-id=\"292\" class=\"elementor elementor-292\" data-elementor-post-type=\"jet-engine\">\n\t\t\t\t<div class=\"elementor-element elementor-element-f9df396 e-flex e-con-boxed e-con e-parent\" data-id=\"f9df396\" data-element_type=\"container\" data-settings=\"{&quot;background_background&quot;:&quot;classic&quot;}\">\n\t\t\t\t\t<div class=\"e-con-inner\">\n\t\t\t\t<div class=\"elementor-element elementor-element-e957f83 elementor-widget__width-initial elementor-widget elementor-widget-image\" data-id=\"e957f83\" data-element_type=\"widget\" data-widget_type=\"image.default\">\n\t\t\t\t<div class=\"elementor-widget-container\">\n\t\t\t\t\t\t\t\t\t\t\t\t\t\t\t<img loading=\"lazy\" decoding=\"async\" width=\"280\" height=\"83\" src=\"https:\/\/w4clouds.com.br\/wp-content\/uploads\/2024\/10\/windows-server.jpg\" class=\"attachment-large size-large wp-image-2504\" alt=\"Logotipo do Windows Server\" \/>\t\t\t\t\t\t\t\t\t\t\t\t\t\t\t<\/div>\n\t\t\t\t<\/div>\n\t\t\t\t<div class=\"elementor-element elementor-element-4e1cbcb elementor-widget__width-inherit elementor-widget elementor-widget-text-editor\" data-id=\"4e1cbcb\" data-element_type=\"widget\" data-widget_type=\"text-editor.default\">\n\t\t\t\t<div class=\"elementor-widget-container\">\n\t\t\t\t\t\t\t\t\tO Microsoft Windows Server \u00e9 uma plataforma robusta para a constru\u00e7\u00e3o de infraestruturas de aplicativos, redes e servi\u00e7os web. Oferece seguran\u00e7a avan\u00e7ada, integra\u00e7\u00e3o h\u00edbrida com Azure e suporte para virtualiza\u00e7\u00e3o e cont\u00eaineres. Al\u00e9m disso, \u00e9 ideal para hospedar servidores de arquivos locais e gerenciar identidades e aplica\u00e7\u00f5es empresariais.\t\t\t\t\t\t\t\t<\/div>\n\t\t\t\t<\/div>\n\t\t\t\t\t<\/div>\n\t\t\t\t<\/div>\n\t\t\t\t<\/div>\n\t\t<\/div><div class=\"jet-listing-grid__item jet-listing-dynamic-post-1463 jet-equal-columns\" data-post-id=\"1463\"  >\t\t<div data-elementor-type=\"jet-listing-items\" data-elementor-id=\"292\" class=\"elementor elementor-292\" data-elementor-post-type=\"jet-engine\">\n\t\t\t\t<div class=\"elementor-element elementor-element-f9df396 e-flex e-con-boxed e-con e-parent\" data-id=\"f9df396\" data-element_type=\"container\" data-settings=\"{&quot;background_background&quot;:&quot;classic&quot;}\">\n\t\t\t\t\t<div class=\"e-con-inner\">\n\t\t\t\t<div class=\"elementor-element elementor-element-e957f83 elementor-widget__width-initial elementor-widget elementor-widget-image\" data-id=\"e957f83\" data-element_type=\"widget\" data-widget_type=\"image.default\">\n\t\t\t\t<div class=\"elementor-widget-container\">\n\t\t\t\t\t\t\t\t\t\t\t\t\t\t\t<img loading=\"lazy\" decoding=\"async\" width=\"280\" height=\"83\" src=\"https:\/\/w4clouds.com.br\/wp-content\/uploads\/2024\/10\/windows-11-1.jpg\" class=\"attachment-large size-large wp-image-2507\" alt=\"logotipo do Windows 11\" \/>\t\t\t\t\t\t\t\t\t\t\t\t\t\t\t<\/div>\n\t\t\t\t<\/div>\n\t\t\t\t<div class=\"elementor-element elementor-element-4e1cbcb elementor-widget__width-inherit elementor-widget elementor-widget-text-editor\" data-id=\"4e1cbcb\" data-element_type=\"widget\" data-widget_type=\"text-editor.default\">\n\t\t\t\t<div class=\"elementor-widget-container\">\n\t\t\t\t\t\t\t\t\tO Microsoft Windows 11 apresenta uma interface moderna e intuitiva com um menu Iniciar centralizado. Oferece melhor desempenho e seguran\u00e7a, al\u00e9m de integra\u00e7\u00e3o aprimorada com aplicativos e servi\u00e7os do Microsoft 365. \t\t\t\t\t\t\t\t<\/div>\n\t\t\t\t<\/div>\n\t\t\t\t\t<\/div>\n\t\t\t\t<\/div>\n\t\t\t\t<\/div>\n\t\t<\/div><div class=\"jet-listing-grid__item jet-listing-dynamic-post-1461 jet-equal-columns\" data-post-id=\"1461\"  >\t\t<div data-elementor-type=\"jet-listing-items\" data-elementor-id=\"292\" class=\"elementor elementor-292\" data-elementor-post-type=\"jet-engine\">\n\t\t\t\t<div class=\"elementor-element elementor-element-f9df396 e-flex e-con-boxed e-con e-parent\" data-id=\"f9df396\" data-element_type=\"container\" data-settings=\"{&quot;background_background&quot;:&quot;classic&quot;}\">\n\t\t\t\t\t<div class=\"e-con-inner\">\n\t\t\t\t<div class=\"elementor-element elementor-element-e957f83 elementor-widget__width-initial elementor-widget elementor-widget-image\" data-id=\"e957f83\" data-element_type=\"widget\" data-widget_type=\"image.default\">\n\t\t\t\t<div class=\"elementor-widget-container\">\n\t\t\t\t\t\t\t\t\t\t\t\t\t\t\t<img loading=\"lazy\" decoding=\"async\" width=\"280\" height=\"83\" src=\"https:\/\/w4clouds.com.br\/wp-content\/uploads\/2024\/10\/SQL-Server.jpg\" class=\"attachment-large size-large wp-image-2501\" alt=\"Logotipo do SQL Server\" \/>\t\t\t\t\t\t\t\t\t\t\t\t\t\t\t<\/div>\n\t\t\t\t<\/div>\n\t\t\t\t<div class=\"elementor-element elementor-element-4e1cbcb elementor-widget__width-inherit elementor-widget elementor-widget-text-editor\" data-id=\"4e1cbcb\" data-element_type=\"widget\" data-widget_type=\"text-editor.default\">\n\t\t\t\t<div class=\"elementor-widget-container\">\n\t\t\t\t\t\t\t\t\tO Microsoft SQL Server \u00e9 o sistema de gerenciamento de banco de dados relacional mais popular do mundo, inclui recursos avan\u00e7ados de seguran\u00e7a, como criptografia de dados e mascaramento din\u00e2mico. Al\u00e9m disso, suporta an\u00e1lise de dados e gera\u00e7\u00e3o de relat\u00f3rios com ferramentas integradas de BI.\t\t\t\t\t\t\t\t<\/div>\n\t\t\t\t<\/div>\n\t\t\t\t\t<\/div>\n\t\t\t\t<\/div>\n\t\t\t\t<\/div>\n\t\t<\/div><\/div><\/div>\t\t\t\t<\/div>\n\t\t\t\t<\/div>\n\t\t\t\t\t<\/div>\n\t\t\t\t<\/div>\n\t\t<div class=\"elementor-element elementor-element-41101e1e e-flex e-con-boxed e-con e-parent\" data-id=\"41101e1e\" data-element_type=\"container\">\n\t\t\t\t\t<div class=\"e-con-inner\">\n\t\t<div class=\"elementor-element elementor-element-4a1491e3 e-grid e-con-full e-con e-child\" data-id=\"4a1491e3\" data-element_type=\"container\">\n\t\t<div class=\"elementor-element elementor-element-6092d8e2 e-con-full e-flex e-con e-child\" data-id=\"6092d8e2\" data-element_type=\"container\">\n\t\t\t\t<div class=\"elementor-element elementor-element-2c154602 elementor-widget__width-initial elementor-widget-tablet__width-initial elementor-widget-mobile__width-initial elementor-widget elementor-widget-heading\" data-id=\"2c154602\" data-element_type=\"widget\" data-widget_type=\"heading.default\">\n\t\t\t\t<div class=\"elementor-widget-container\">\n\t\t\t\t\t<h2 class=\"elementor-heading-title elementor-size-default\">Vamos conversar sobre o futuro da sua empresa<\/h2>\t\t\t\t<\/div>\n\t\t\t\t<\/div>\n\t\t\t\t<div class=\"elementor-element elementor-element-363c2c92 elementor-widget__width-initial elementor-widget-mobile__width-initial elementor-widget elementor-widget-text-editor\" data-id=\"363c2c92\" data-element_type=\"widget\" data-widget_type=\"text-editor.default\">\n\t\t\t\t<div class=\"elementor-widget-container\">\n\t\t\t\t\t\t\t\t\t<p>Na <strong>W4Clouds<\/strong>, acreditamos que tecnologia e estrat\u00e9gia caminham juntas. Conte com nossa equipe para desenvolver solu\u00e7\u00f5es em nuvem, seguran\u00e7a digital e inova\u00e7\u00e3o que geram resultados reais para o seu neg\u00f3cio.<\/p>\t\t\t\t\t\t\t\t<\/div>\n\t\t\t\t<\/div>\n\t\t\t\t<div class=\"elementor-element elementor-element-396fc17e elementor-widget elementor-widget-button\" data-id=\"396fc17e\" data-element_type=\"widget\" data-widget_type=\"button.default\">\n\t\t\t\t<div class=\"elementor-widget-container\">\n\t\t\t\t\t\t\t\t\t<div class=\"elementor-button-wrapper\">\n\t\t\t\t\t<a class=\"elementor-button elementor-button-link elementor-size-sm\" href=\"\/en\/contato\/\">\n\t\t\t\t\t\t<span class=\"elementor-button-content-wrapper\">\n\t\t\t\t\t\t\t\t\t<span class=\"elementor-button-text\">Fale com especialistas<\/span>\n\t\t\t\t\t<\/span>\n\t\t\t\t\t<\/a>\n\t\t\t\t<\/div>\n\t\t\t\t\t\t\t\t<\/div>\n\t\t\t\t<\/div>\n\t\t\t\t<\/div>\n\t\t\t\t<div class=\"elementor-element elementor-element-1bfe8427 elementor-widget elementor-widget-image\" data-id=\"1bfe8427\" data-element_type=\"widget\" data-widget_type=\"image.default\">\n\t\t\t\t<div class=\"elementor-widget-container\">\n\t\t\t\t\t\t\t\t\t\t\t\t\t\t\t<img loading=\"lazy\" decoding=\"async\" width=\"552\" height=\"283\" src=\"https:\/\/w4clouds.com.br\/wp-content\/uploads\/2025\/09\/contato-img.png\" class=\"attachment-large size-large wp-image-3551\" alt=\"\" srcset=\"https:\/\/w4clouds.com.br\/wp-content\/uploads\/2025\/09\/contato-img.png 552w, https:\/\/w4clouds.com.br\/wp-content\/uploads\/2025\/09\/contato-img-300x154.png 300w, https:\/\/w4clouds.com.br\/wp-content\/uploads\/2025\/09\/contato-img-18x9.png 18w\" sizes=\"auto, (max-width: 552px) 100vw, 552px\" \/>\t\t\t\t\t\t\t\t\t\t\t\t\t\t\t<\/div>\n\t\t\t\t<\/div>\n\t\t\t\t<\/div>\n\t\t\t\t\t<\/div>\n\t\t\t\t<\/div>\n\t\t\t\t<\/div>","protected":false},"excerpt":{"rendered":"<p>Licen\u00e7as Microsoft oficiais Seguran\u00e7a, conformidade e produtividade garantidas Vamos conversar sobre o futuro da sua empresa Na W4Clouds, acreditamos que tecnologia e estrat\u00e9gia caminham juntas. Conte com nossa equipe para desenvolver solu\u00e7\u00f5es em nuvem, seguran\u00e7a digital e inova\u00e7\u00e3o que geram resultados reais para o seu neg\u00f3cio. Fale com especialistas<\/p>","protected":false},"author":6,"featured_media":0,"parent":0,"menu_order":4,"comment_status":"closed","ping_status":"closed","template":"","meta":{"footnotes":""},"class_list":["post-20","page","type-page","status-publish","hentry"],"_links":{"self":[{"href":"https:\/\/w4clouds.com.br\/en\/wp-json\/wp\/v2\/pages\/20","targetHints":{"allow":["GET"]}}],"collection":[{"href":"https:\/\/w4clouds.com.br\/en\/wp-json\/wp\/v2\/pages"}],"about":[{"href":"https:\/\/w4clouds.com.br\/en\/wp-json\/wp\/v2\/types\/page"}],"author":[{"embeddable":true,"href":"https:\/\/w4clouds.com.br\/en\/wp-json\/wp\/v2\/users\/6"}],"replies":[{"embeddable":true,"href":"https:\/\/w4clouds.com.br\/en\/wp-json\/wp\/v2\/comments?post=20"}],"version-history":[{"count":4,"href":"https:\/\/w4clouds.com.br\/en\/wp-json\/wp\/v2\/pages\/20\/revisions"}],"predecessor-version":[{"id":3615,"href":"https:\/\/w4clouds.com.br\/en\/wp-json\/wp\/v2\/pages\/20\/revisions\/3615"}],"wp:attachment":[{"href":"https:\/\/w4clouds.com.br\/en\/wp-json\/wp\/v2\/media?parent=20"}],"curies":[{"name":"wp","href":"https:\/\/api.w.org\/{rel}","templated":true}]}}