{"id":28,"date":"2024-08-27T00:57:55","date_gmt":"2024-08-27T03:57:55","guid":{"rendered":"https:\/\/w4cloudswebnew.azurewebsites.net\/?page_id=28"},"modified":"2025-09-03T13:11:30","modified_gmt":"2025-09-03T17:11:30","slug":"politica-de-privacidade","status":"publish","type":"page","link":"https:\/\/w4clouds.com.br\/en\/politica-de-privacidade\/","title":{"rendered":"Pol\u00edtica de Privacidade"},"content":{"rendered":"<div data-elementor-type=\"wp-page\" data-elementor-id=\"28\" class=\"elementor elementor-28\" data-elementor-post-type=\"page\">\n\t\t\t\t<div class=\"elementor-element elementor-element-c19c5b1 e-flex e-con-boxed e-con e-parent\" data-id=\"c19c5b1\" data-element_type=\"container\" data-settings=\"{&quot;background_background&quot;:&quot;classic&quot;}\">\n\t\t\t\t\t<div class=\"e-con-inner\">\n\t\t\t\t<div class=\"elementor-element elementor-element-289befc elementor-widget elementor-widget-jet-breadcrumbs\" data-id=\"289befc\" data-element_type=\"widget\" data-widget_type=\"jet-breadcrumbs.default\">\n\t\t\t\t<div class=\"elementor-widget-container\">\n\t\t\t\t\t<div class=\"elementor-jet-breadcrumbs jet-blocks\">\n\t\t<div class=\"jet-breadcrumbs\">\n\t\t<div class=\"jet-breadcrumbs__content\">\n\t\t<div class=\"jet-breadcrumbs__wrap\"><div class=\"jet-breadcrumbs__item\"><a href=\"https:\/\/w4clouds.com.br\/en\/\" class=\"jet-breadcrumbs__item-link is-home\" rel=\"home\" title=\"Home\">Home<\/a><\/div>\n\t\t<\/div>\n\t\t<\/div>\n\t\t<\/div><\/div>\t\t\t\t<\/div>\n\t\t\t\t<\/div>\n\t\t\t\t\t<\/div>\n\t\t\t\t<\/div>\n\t\t<div class=\"elementor-element elementor-element-f7e030c e-flex e-con-boxed e-con e-parent\" data-id=\"f7e030c\" data-element_type=\"container\">\n\t\t\t\t\t<div class=\"e-con-inner\">\n\t\t\t\t<div class=\"elementor-element elementor-element-59525d7 elementor-widget__width-initial elementor-widget elementor-widget-text-editor\" data-id=\"59525d7\" data-element_type=\"widget\" data-widget_type=\"text-editor.default\">\n\t\t\t\t<div class=\"elementor-widget-container\">\n\t\t\t\t\t\t\t\t\t<p class=\"p1\"><b>Objetivo<\/b><b><\/b><\/p><p class=\"p3\">O objetivo desta pol\u00edtica \u00e9 estabelecer diretrizes e normas de Seguran\u00e7a da Informa\u00e7\u00e3o para que os colaboradores da W4Cyber adotem padr\u00f5es de comportamento seguros, adequados \u00e0s metas e necessidades da empresa. Isso inclui:<\/p><p class=\"p4\">\u2022Garantir a confidencialidade, integridade e disponibilidade das informa\u00e7\u00f5es.<\/p><p class=\"p4\">\u2022Prevenir poss\u00edveis incidentes e responsabilidades legais para a institui\u00e7\u00e3o, seus empregados, clientes e parceiros.<\/p><p class=\"p3\">A W4Cyber manter\u00e1 esta pol\u00edtica sempre dispon\u00edvel, atualizada, e, quando necess\u00e1rio, divulgar\u00e1 seu conte\u00fado e\/ou atualiza\u00e7\u00f5es.<\/p><p class=\"p1\"><b>Refer\u00eancias<\/b><b><\/b><\/p><p class=\"p4\">\u2022<b>ABNT NBR ISO\/IEC ISO 27001:2022<\/b>: Seguran\u00e7a da informa\u00e7\u00e3o, seguran\u00e7a cibern\u00e9tica e prote\u00e7\u00e3o \u00e0 privacidade \u2013 Requisitos de gest\u00e3o da seguran\u00e7a da informa\u00e7\u00e3o.<\/p><p class=\"p4\">\u2022<b>ABNT NBR ISO\/IEC ISO 27701:2019<\/b>: T\u00e9cnicas de seguran\u00e7a.<\/p><p class=\"p4\">\u2022<b>ABNT NBR ISO\/IEC ISO 37301:2021<\/b>: Sistemas de Gest\u00e3o de Compliance.<\/p><p class=\"p4\">\u2022<b>Lei Geral de Prote\u00e7\u00e3o de Dados Pessoais (LGPD)<\/b>: Lei n\u00ba 13.709\/2018.<\/p><p class=\"p1\"><b>Abrang\u00eancia<\/b><b><\/b><\/p><p class=\"p3\">Esta pol\u00edtica se aplica a todos os colaboradores, ex-colaboradores, prestadores de servi\u00e7o, ex-prestadores, pessoas com poderes de representa\u00e7\u00e3o da organiza\u00e7\u00e3o e suas controladas, respeitando os acordos operacionais. A pol\u00edtica cobre todos que possuam ou venham a possuir acesso \u00e0s informa\u00e7\u00f5es da W4Cyber ou que fa\u00e7am uso de recursos computacionais da infraestrutura.<\/p><p class=\"p1\"><b>Pap\u00e9is e Responsabilidades<\/b><b><\/b><\/p><p class=\"p5\"><b>5.1. Todos os Colaboradores<\/b><b><\/b><\/p><p class=\"p4\">\u2022Respons\u00e1veis pelo uso de sua identifica\u00e7\u00e3o e autentica\u00e7\u00e3o.<\/p><p class=\"p4\">\u2022Devem acessar informa\u00e7\u00f5es apenas para o desempenho de suas fun\u00e7\u00f5es ou outras situa\u00e7\u00f5es permitidas.<\/p><p class=\"p4\">\u2022Ler, compreender e cumprir a Pol\u00edtica de Seguran\u00e7a da Informa\u00e7\u00e3o e demais normas aplic\u00e1veis.<\/p><p class=\"p4\">\u2022Comunicar \u00e0 equipe de Seguran\u00e7a da Informa\u00e7\u00e3o sobre poss\u00edveis viola\u00e7\u00f5es.<\/p><p class=\"p4\">\u2022Assinar o \u201cTermo de Aceite da PSI\u201d, formalizando o conhecimento e aceita\u00e7\u00e3o da pol\u00edtica.<\/p><p class=\"p5\"><b>5.2. Alta Dire\u00e7\u00e3o<\/b><b><\/b><\/p><p class=\"p4\">\u2022Zelar pela sustentabilidade do neg\u00f3cio, considerando aspectos econ\u00f4micos, sociais e de governan\u00e7a.<\/p><p class=\"p4\">\u2022Formular e apoiar diretrizes de gest\u00e3o e seguran\u00e7a da informa\u00e7\u00e3o.<\/p><p class=\"p4\">\u2022Garantir a adequa\u00e7\u00e3o da estrutura de seguran\u00e7a da informa\u00e7\u00e3o.<\/p><p class=\"p5\"><b>5.3. Gestores<\/b><b><\/b><\/p><p class=\"p4\">\u2022Liderar a\u00e7\u00f5es para atingir os objetivos da W4Cyber.<\/p><p class=\"p4\">\u2022Reportar resultados de seguran\u00e7a e monitorar riscos.<\/p><p class=\"p4\">\u2022Garantir a aplica\u00e7\u00e3o e cumprimento da Pol\u00edtica de Seguran\u00e7a da Informa\u00e7\u00e3o por colaboradores e terceiros.<\/p><p class=\"p5\"><b>5.4. Seguran\u00e7a da Informa\u00e7\u00e3o<\/b><b><\/b><\/p><p class=\"p4\">\u2022Implementar e monitorar controles de seguran\u00e7a da informa\u00e7\u00e3o.<\/p><p class=\"p4\">\u2022Prevenir e responder a riscos e amea\u00e7as de seguran\u00e7a.<\/p><p class=\"p4\">\u2022Propor e gerenciar projetos e iniciativas de seguran\u00e7a.<\/p><p class=\"p5\"><b>5.5. Tecnologia da Informa\u00e7\u00e3o<\/b><b><\/b><\/p><p class=\"p4\">\u2022Gerenciar os riscos de seguran\u00e7a e garantir a efetividade dos controles.<\/p><p class=\"p4\">\u2022Monitorar acessos e garantir a configura\u00e7\u00e3o adequada de equipamentos e sistemas.<\/p><p class=\"p5\"><b>5.6. Governan\u00e7a, Risco, Compliance e Auditoria<\/b><b><\/b><\/p><p class=\"p4\">\u2022Identificar, avaliar, mitigar e reportar riscos de seguran\u00e7a da informa\u00e7\u00e3o.<\/p><p class=\"p4\">\u2022Garantir a conformidade com as expectativas legais e regulat\u00f3rias.<\/p><p class=\"p5\"><b>5.7. \u00c1rea Jur\u00eddica<\/b><b><\/b><\/p><p class=\"p4\">\u2022Incluir cl\u00e1usulas de conformidade com a Pol\u00edtica de Seguran\u00e7a da Informa\u00e7\u00e3o nos contratos de prestadores de servi\u00e7os.<\/p><p class=\"p5\"><b>5.8. Recursos Humanos<\/b><b><\/b><\/p><p class=\"p4\">\u2022Disponibilizar a pol\u00edtica de seguran\u00e7a e garantir a assinatura do Termo de Ci\u00eancia.<\/p><p class=\"p4\">\u2022Notificar a equipe de TI sobre desligamentos para tomar medidas de seguran\u00e7a.<\/p><p class=\"p1\"><b>Diretrizes<\/b><b><\/b><\/p><p class=\"p5\"><b>6.1. Princ\u00edpios de Seguran\u00e7a<\/b><b><\/b><\/p><p class=\"p3\">A Seguran\u00e7a da Informa\u00e7\u00e3o visa garantir a continuidade dos neg\u00f3cios, assegurando:<\/p><p class=\"p4\">\u2022<b>Confidencialidade<\/b>: Somente pessoas autorizadas t\u00eam acesso \u00e0 informa\u00e7\u00e3o.<\/p><p class=\"p4\">\u2022<b>Integridade<\/b>: A informa\u00e7\u00e3o \u00e9 mantida em seu estado original, protegida contra altera\u00e7\u00f5es indevidas.<\/p><p class=\"p4\">\u2022<b>Disponibilidade<\/b>: Usu\u00e1rios autorizados podem acessar informa\u00e7\u00f5es sempre que necess\u00e1rio.<\/p><p class=\"p5\"><b>6.2. Estrutura<\/b><b><\/b><\/p><p class=\"p3\">A estrutura de documentos de Seguran\u00e7a da Informa\u00e7\u00e3o da organiza\u00e7\u00e3o inclui:<\/p><p class=\"p4\">\u2022<b>Arquitetura de Seguran\u00e7a da Informa\u00e7\u00e3o<\/b>: Define os modelos de refer\u00eancia e componentes tecnol\u00f3gicos.<\/p><p class=\"p4\">\u2022<b>Gest\u00e3o de Ativos Tecnol\u00f3gicos<\/b>: Gerencia ativos f\u00edsicos e l\u00f3gicos, incluindo os fora do ambiente da organiza\u00e7\u00e3o.<\/p><p class=\"p4\">\u2022<b>Classifica\u00e7\u00e3o da Informa\u00e7\u00e3o<\/b>: Diretrizes para classificar e proteger as informa\u00e7\u00f5es conforme sua import\u00e2ncia.<\/p><p class=\"p4\">\u2022<b>Conscientiza\u00e7\u00e3o em Seguran\u00e7a da Informa\u00e7\u00e3o<\/b>: Programa de conscientiza\u00e7\u00e3o de colaboradores.<\/p><p class=\"p4\">\u2022<b>Plano de Continuidade de Neg\u00f3cio<\/b>: Mant\u00e9m a capacidade de continuidade dos neg\u00f3cios em cen\u00e1rios de crise.<\/p><p class=\"p4\">\u2022<b>Prote\u00e7\u00e3o de Dados<\/b>: Estabelece padr\u00f5es de prote\u00e7\u00e3o de dados.<\/p><p class=\"p4\">\u2022<b>Trabalho Remoto<\/b>: Define diretrizes para o trabalho remoto.<\/p><p class=\"p4\">\u2022<b>Gest\u00e3o de Identidades e Acessos<\/b>: Controla o acesso a dados e transa\u00e7\u00f5es.<\/p><p class=\"p4\">\u2022<b>Gest\u00e3o de Riscos<\/b>: Diretrizes para identifica\u00e7\u00e3o, avalia\u00e7\u00e3o e tratamento de riscos.<\/p><p class=\"p4\">\u2022<b>Resposta a Incidentes<\/b>: Define a\u00e7\u00f5es para responder a incidentes de seguran\u00e7a.<\/p><p class=\"p4\">\u2022<b>M\u00e9tricas e Relat\u00f3rios<\/b>: Mant\u00e9m a organiza\u00e7\u00e3o informada sobre riscos de seguran\u00e7a.<\/p><p class=\"p4\">\u2022<b>Seguran\u00e7a de Redes<\/b>: Protege o ambiente de rede da organiza\u00e7\u00e3o.<\/p><p class=\"p4\">\u2022<b>Opera\u00e7\u00f5es de Seguran\u00e7a da Informa\u00e7\u00e3o<\/b>: Sustenta\u00e7\u00e3o de ferramentas e processos de seguran\u00e7a.<\/p><p class=\"p4\">\u2022<b>Privacidade<\/b>: Preserva a privacidade de dados pessoais.<\/p><p class=\"p4\">\u2022<b>Monitoramento de Seguran\u00e7a da Informa\u00e7\u00e3o<\/b>: Monitora e analisa incidentes de seguran\u00e7a.<\/p><p class=\"p4\">\u2022<b>Seguran\u00e7a de Software<\/b>: Protege sistemas e aplicativos.<\/p><p class=\"p4\">\u2022<b>Estrat\u00e9gia de Seguran\u00e7a da Informa\u00e7\u00e3o<\/b>: Alinha a seguran\u00e7a da informa\u00e7\u00e3o com a estrat\u00e9gia de neg\u00f3cio.<\/p><p class=\"p4\">\u2022<b>Gest\u00e3o de Seguran\u00e7a da Informa\u00e7\u00e3o para Terceiros<\/b>: Avalia a conformidade de terceiros.<\/p><p class=\"p4\">\u2022<b>Intelig\u00eancia de Amea\u00e7as<\/b>: Identifica e previne amea\u00e7as de seguran\u00e7a.<\/p><p class=\"p4\">\u2022<b>Gest\u00e3o de Vulnerabilidades<\/b>: Gerencia vulnerabilidades tecnol\u00f3gicas.<\/p><p class=\"p4\">\u2022<b>Seguran\u00e7a em Nuvem<\/b>: Avalia a seguran\u00e7a de ambientes em nuvem.<\/p><p class=\"p4\">\u2022<b>Seguran\u00e7a F\u00edsica<\/b>: Define diretrizes para prote\u00e7\u00e3o f\u00edsica de dados.<\/p><p class=\"p4\">\u2022<b>Criptografia<\/b>: Garante o uso adequado da criptografia para proteger informa\u00e7\u00f5es.<\/p><p class=\"p1\"><b>Disposi\u00e7\u00f5es Gerais<\/b><b><\/b><\/p><p class=\"p3\">Os casos n\u00e3o previstos ou d\u00favidas sobre esta pol\u00edtica devem ser encaminhados \u00e0 Ger\u00eancia de Seguran\u00e7a da Informa\u00e7\u00e3o.<\/p><p class=\"p1\"><b>Penalidades<\/b><b><\/b><\/p><p class=\"p3\">O descumprimento desta pol\u00edtica pode resultar em medidas disciplinares.<\/p>\t\t\t\t\t\t\t\t<\/div>\n\t\t\t\t<\/div>\n\t\t\t\t<div class=\"elementor-element elementor-element-b4539c4 elementor-widget__width-initial elementor-widget-tablet__width-inherit elementor-button-align-stretch elementor-widget elementor-widget-form\" data-id=\"b4539c4\" data-element_type=\"widget\" data-settings=\"{&quot;step_next_label&quot;:&quot;Pr\\u00f3ximo&quot;,&quot;step_previous_label&quot;:&quot;Anterior&quot;,&quot;sticky&quot;:&quot;top&quot;,&quot;sticky_on&quot;:[&quot;desktop&quot;],&quot;sticky_offset&quot;:56,&quot;sticky_parent&quot;:&quot;yes&quot;,&quot;button_width&quot;:&quot;100&quot;,&quot;step_type&quot;:&quot;number_text&quot;,&quot;step_icon_shape&quot;:&quot;circle&quot;,&quot;sticky_effects_offset&quot;:0,&quot;sticky_anchor_link_offset&quot;:0}\" data-widget_type=\"form.default\">\n\t\t\t\t<div class=\"elementor-widget-container\">\n\t\t\t\t\t\t\t<form class=\"elementor-form\" method=\"post\" name=\"Formul\u00e1rio de LGPD\" aria-label=\"Formul\u00e1rio de LGPD\" action=\"\">\n\t\t\t<input type=\"hidden\" name=\"post_id\" value=\"28\"\/>\n\t\t\t<input type=\"hidden\" name=\"form_id\" value=\"b4539c4\"\/>\n\t\t\t<input type=\"hidden\" name=\"referer_title\" value=\"\" \/>\n\n\t\t\t\n\t\t\t<div class=\"elementor-form-fields-wrapper elementor-labels-\">\n\t\t\t\t\t\t\t\t<div class=\"elementor-field-type-text elementor-field-group elementor-column elementor-field-group-name elementor-col-100\">\n\t\t\t\t\t\t\t\t\t\t\t\t<label for=\"form-field-name\" class=\"elementor-field-label elementor-screen-only\">\n\t\t\t\t\t\t\t\tNome\t\t\t\t\t\t\t<\/label>\n\t\t\t\t\t\t\t\t\t\t\t\t\t\t<input size=\"1\" type=\"text\" name=\"form_fields[name]\" id=\"form-field-name\" class=\"elementor-field elementor-size-lg  elementor-field-textual\" placeholder=\"Nome\">\n\t\t\t\t\t\t\t\t\t\t\t<\/div>\n\t\t\t\t\t\t\t\t<div class=\"elementor-field-type-email elementor-field-group elementor-column elementor-field-group-email elementor-col-100 elementor-field-required\">\n\t\t\t\t\t\t\t\t\t\t\t\t<label for=\"form-field-email\" class=\"elementor-field-label elementor-screen-only\">\n\t\t\t\t\t\t\t\tE-mail\t\t\t\t\t\t\t<\/label>\n\t\t\t\t\t\t\t\t\t\t\t\t\t\t<input size=\"1\" type=\"email\" name=\"form_fields[email]\" id=\"form-field-email\" class=\"elementor-field elementor-size-lg  elementor-field-textual\" placeholder=\"E-mail\" required=\"required\">\n\t\t\t\t\t\t\t\t\t\t\t<\/div>\n\t\t\t\t\t\t\t\t<div class=\"elementor-field-type-textarea elementor-field-group elementor-column elementor-field-group-message elementor-col-100\">\n\t\t\t\t\t\t\t\t\t\t\t\t<label for=\"form-field-message\" class=\"elementor-field-label elementor-screen-only\">\n\t\t\t\t\t\t\t\tMensagem\t\t\t\t\t\t\t<\/label>\n\t\t\t\t\t\t<textarea class=\"elementor-field-textual elementor-field  elementor-size-lg\" name=\"form_fields[message]\" id=\"form-field-message\" rows=\"4\" placeholder=\"Mensagem\"><\/textarea>\t\t\t\t<\/div>\n\t\t\t\t\t\t\t\t<div class=\"elementor-field-group elementor-column elementor-field-type-submit elementor-col-100 e-form__buttons\">\n\t\t\t\t\t<button class=\"elementor-button elementor-size-sm\" type=\"submit\">\n\t\t\t\t\t\t<span class=\"elementor-button-content-wrapper\">\n\t\t\t\t\t\t\t\t\t\t\t\t\t\t\t\t\t\t\t\t\t\t<span class=\"elementor-button-text\">Enviar<\/span>\n\t\t\t\t\t\t\t\t\t\t\t\t\t<\/span>\n\t\t\t\t\t<\/button>\n\t\t\t\t<\/div>\n\t\t\t<\/div>\n\t\t<input type=\"hidden\" name=\"trp-form-language\" value=\"en\"\/><\/form>\n\t\t\t\t\t\t<\/div>\n\t\t\t\t<\/div>\n\t\t\t\t\t<\/div>\n\t\t\t\t<\/div>\n\t\t\t\t<\/div>","protected":false},"excerpt":{"rendered":"<p>Home Objetivo O objetivo desta pol\u00edtica \u00e9 estabelecer diretrizes e normas de Seguran\u00e7a da Informa\u00e7\u00e3o para que os colaboradores da W4Cyber adotem padr\u00f5es de comportamento seguros, adequados \u00e0s metas e necessidades da empresa. Isso inclui: \u2022Garantir a confidencialidade, integridade e disponibilidade das informa\u00e7\u00f5es. \u2022Prevenir poss\u00edveis incidentes e responsabilidades legais para a institui\u00e7\u00e3o, seus empregados, clientes [&hellip;]<\/p>","protected":false},"author":6,"featured_media":0,"parent":0,"menu_order":8,"comment_status":"closed","ping_status":"closed","template":"","meta":{"footnotes":""},"class_list":["post-28","page","type-page","status-publish","hentry"],"_links":{"self":[{"href":"https:\/\/w4clouds.com.br\/en\/wp-json\/wp\/v2\/pages\/28","targetHints":{"allow":["GET"]}}],"collection":[{"href":"https:\/\/w4clouds.com.br\/en\/wp-json\/wp\/v2\/pages"}],"about":[{"href":"https:\/\/w4clouds.com.br\/en\/wp-json\/wp\/v2\/types\/page"}],"author":[{"embeddable":true,"href":"https:\/\/w4clouds.com.br\/en\/wp-json\/wp\/v2\/users\/6"}],"replies":[{"embeddable":true,"href":"https:\/\/w4clouds.com.br\/en\/wp-json\/wp\/v2\/comments?post=28"}],"version-history":[{"count":1,"href":"https:\/\/w4clouds.com.br\/en\/wp-json\/wp\/v2\/pages\/28\/revisions"}],"predecessor-version":[{"id":3504,"href":"https:\/\/w4clouds.com.br\/en\/wp-json\/wp\/v2\/pages\/28\/revisions\/3504"}],"wp:attachment":[{"href":"https:\/\/w4clouds.com.br\/en\/wp-json\/wp\/v2\/media?parent=28"}],"curies":[{"name":"wp","href":"https:\/\/api.w.org\/{rel}","templated":true}]}}